{"id":1483,"date":"2013-11-19T09:01:12","date_gmt":"2013-11-19T09:01:12","guid":{"rendered":"https:\/\/www.automoldes.com\/quem-somos-3\/"},"modified":"2018-01-26T13:21:12","modified_gmt":"2018-01-26T13:21:12","slug":"quem-somos","status":"publish","type":"page","link":"https:\/\/automoldes.com\/de\/quem-somos\/","title":{"rendered":"\u00dcber uns"},"content":{"rendered":"<h2 style=\"text-align: center;\">Automoldes<\/h2>\n<div class=\"divider-small-border\"><\/div>\n<div class=\"col span_6\">\n<p><a href=\"https:\/\/www.automoldes.com\/wp-content\/uploads\/2016\/08\/64.jpg\" data-rel=\"lightbox-image-0\" data-rl_title=\"\" data-rl_caption=\"\" title=\"\"><img decoding=\"async\" loading=\"lazy\" class=\"wp-image-2253 size-full aligncenter\" src=\"https:\/\/www.automoldes.com\/wp-content\/uploads\/2016\/08\/64.jpg\" alt=\"64\" width=\"965\" height=\"580\" srcset=\"https:\/\/automoldes.com\/wp-content\/uploads\/2016\/08\/64.jpg 965w, https:\/\/automoldes.com\/wp-content\/uploads\/2016\/08\/64-300x180.jpg 300w, https:\/\/automoldes.com\/wp-content\/uploads\/2016\/08\/64-768x462.jpg 768w\" sizes=\"(max-width: 965px) 100vw, 965px\" \/><\/a><\/p>\n<\/div>\n<div class=\"col span_6 col_last\">\n<p>AUTOMOLDES wurde am 1. M\u00e4rz 2001 gegr\u00fcndet und ist spezialisiert auf die Herstellung von Metallformen f\u00fcr die Produktion von technischen Kunststoffteilen, die durch Spritzgie\u00dfen geformt werden, sowie auf deren Wartung w\u00e4hrend des Fertigungsablaufs.<\/p>\n<p style=\"text-align: justify;\">Der Betrieb befindet sich in einer 500 m<sup>2<\/sup>, gro\u00dfen Fabrikhalle auf dem Industriegebiet Zona Industrial do Soeiro, S. Mamede do Coronado, Trofa.<\/p>\n<p style=\"text-align: justify;\">AUTOMOLDES besteht derzeit aus einem Team mit langj\u00e4hriger Erfahrung im Bereich des Formenbaus und bieten Firmen eine Reihe von Leistungen an, die den Anforderungen ihrer Kunden entsprechen.<\/p>\n<p style=\"text-align: justify;\">Aufgrund der st\u00e4ndig wachsenden Anspr\u00fcche des Marktes, ist es notwendig, immer komplexere und zuverl\u00e4ssigere Formen zu produzieren, und dies in immer k\u00fcrzerer Zeit und immer kosteng\u00fcnstiger. Angesichts dieser Tatsache setzt AUTOMOLDES auf st\u00e4ndige Innovation, sowohl in technologischer als auch in funktionaler Hinsicht und gew\u00e4hrleistet so Qualit\u00e4t und die F\u00e4higkeit auf die aktuellen Herausforderungen zu reagieren.<\/p>\n<\/div><div class=\"clear\"><\/div>\n<h3 style=\"text-align: center;\">Geschichte<\/h3>\n<div class=\"divider-small-border\"><\/div>\n<div class=\"col span_6\">\n<p style=\"text-align: justify;\">AUTOMOLDES hat seit seinen Anf\u00e4ngen in der Branche des Formenbaus mehrere Phasen durchlaufen, von denen folgende besonders hervorzuheben sind: die Anfangsphase, in der es gegr\u00fcndet wurde und an den Markt ging. In dieser Phase baute es einen Kundenstamm auf und versuchte sich in der Branche zu etablieren. Diese Phase dauerte ungef\u00e4hr f\u00fcnf Jahre.<\/p>\n<p style=\"text-align: justify;\">Eine zweite Phase war gekennzeichnet durch ein Wachstum hinsichtlich der Ressourcen und bestimmter Technologien, um auf die Anforderungen des Marktes reagieren zu k\u00f6nnen.<\/p>\n<p style=\"text-align: justify;\">Die dritte Phase ist die aktuelle Phase, in der das Unternehmen bereits Erfahrungen in der Branche hat und beabsichtigt, einen Investitionsplan umzusetzen und sich in allen Bereichen weiter zu verbessern, um sich von einer Situation der relativen Normalit\u00e4t zu einer Situation zu steigern, in der es sich mit hochentwickelten und modernen Maschinen und Ger\u00e4ten ausstatten wird um internationale M\u00e4rkte zu betreten und seine nationale und internationale Konkurrenzf\u00e4higkeit zu erh\u00f6hen.<\/p>\n<\/div>\n<div class=\"col span_6 col_last\">\n<p><a href=\"https:\/\/automoldes.com\/wp-content\/uploads\/2018\/01\/DE-1.png\" data-rel=\"lightbox-image-1\" data-rl_title=\"\" data-rl_caption=\"\" title=\"\"><img decoding=\"async\" loading=\"lazy\" class=\"aligncenter wp-image-3620 size-full\" src=\"https:\/\/automoldes.com\/wp-content\/uploads\/2018\/01\/DE-1.png\" alt=\"\" width=\"1691\" height=\"911\" srcset=\"https:\/\/automoldes.com\/wp-content\/uploads\/2018\/01\/DE-1.png 1691w, https:\/\/automoldes.com\/wp-content\/uploads\/2018\/01\/DE-1-300x162.png 300w, https:\/\/automoldes.com\/wp-content\/uploads\/2018\/01\/DE-1-768x414.png 768w, https:\/\/automoldes.com\/wp-content\/uploads\/2018\/01\/DE-1-1024x552.png 1024w\" sizes=\"(max-width: 1691px) 100vw, 1691px\" \/><\/a><\/p>\n<p style=\"text-align: justify;\"><\/div><div class=\"clear\"><\/div>\n","protected":false},"excerpt":{"rendered":"<p>Automoldes Geschichte<\/p>\n","protected":false},"author":3,"featured_media":0,"parent":0,"menu_order":0,"comment_status":"closed","ping_status":"closed","template":"","meta":[],"yoast_head":"<!-- This site is optimized with the Yoast SEO plugin v20.10 - https:\/\/yoast.com\/wordpress\/plugins\/seo\/ -->\n<title>\u00dcber uns - Automoldes<\/title>\n<meta name=\"robots\" content=\"index, follow, max-snippet:-1, max-image-preview:large, max-video-preview:-1\" \/>\n<link rel=\"canonical\" href=\"https:\/\/automoldes.com\/de\/quem-somos\/\" \/>\n<meta property=\"og:locale\" content=\"de_DE\" \/>\n<meta property=\"og:type\" content=\"article\" \/>\n<meta property=\"og:title\" content=\"\u00dcber uns - Automoldes\" \/>\n<meta property=\"og:description\" content=\"Automoldes Geschichte\" \/>\n<meta property=\"og:url\" content=\"https:\/\/automoldes.com\/de\/quem-somos\/\" \/>\n<meta property=\"og:site_name\" content=\"Automoldes\" \/>\n<meta property=\"article:modified_time\" content=\"2018-01-26T13:21:12+00:00\" \/>\n<meta property=\"og:image\" content=\"https:\/\/www.automoldes.com\/wp-content\/uploads\/2016\/08\/64.jpg\" \/>\n<meta name=\"twitter:card\" content=\"summary_large_image\" \/>\n<meta name=\"twitter:label1\" content=\"Gesch\u00e4tzte Lesezeit\" \/>\n\t<meta name=\"twitter:data1\" content=\"2\u00a0Minuten\" \/>\n<script type=\"application\/ld+json\" class=\"yoast-schema-graph\">{\"@context\":\"https:\/\/schema.org\",\"@graph\":[{\"@type\":\"WebPage\",\"@id\":\"https:\/\/automoldes.com\/de\/quem-somos\/\",\"url\":\"https:\/\/automoldes.com\/de\/quem-somos\/\",\"name\":\"\u00dcber uns - Automoldes\",\"isPartOf\":{\"@id\":\"https:\/\/automoldes.com\/#website\"},\"datePublished\":\"2013-11-19T09:01:12+00:00\",\"dateModified\":\"2018-01-26T13:21:12+00:00\",\"breadcrumb\":{\"@id\":\"https:\/\/automoldes.com\/de\/quem-somos\/#breadcrumb\"},\"inLanguage\":\"de\",\"potentialAction\":[{\"@type\":\"ReadAction\",\"target\":[\"https:\/\/automoldes.com\/de\/quem-somos\/\"]}]},{\"@type\":\"BreadcrumbList\",\"@id\":\"https:\/\/automoldes.com\/de\/quem-somos\/#breadcrumb\",\"itemListElement\":[{\"@type\":\"ListItem\",\"position\":1,\"name\":\"In\u00edcio\",\"item\":\"https:\/\/automoldes.com\/de\/\"},{\"@type\":\"ListItem\",\"position\":2,\"name\":\"\u00dcber uns\"}]},{\"@type\":\"WebSite\",\"@id\":\"https:\/\/automoldes.com\/#website\",\"url\":\"https:\/\/automoldes.com\/\",\"name\":\"Automoldes\",\"description\":\"Ind\u00fastria de Moldes\",\"potentialAction\":[{\"@type\":\"SearchAction\",\"target\":{\"@type\":\"EntryPoint\",\"urlTemplate\":\"https:\/\/automoldes.com\/?s={search_term_string}\"},\"query-input\":\"required name=search_term_string\"}],\"inLanguage\":\"de\"}]}<\/script>\n<!-- \/ Yoast SEO plugin. -->","yoast_head_json":{"title":"\u00dcber uns - Automoldes","robots":{"index":"index","follow":"follow","max-snippet":"max-snippet:-1","max-image-preview":"max-image-preview:large","max-video-preview":"max-video-preview:-1"},"canonical":"https:\/\/automoldes.com\/de\/quem-somos\/","og_locale":"de_DE","og_type":"article","og_title":"\u00dcber uns - Automoldes","og_description":"Automoldes Geschichte","og_url":"https:\/\/automoldes.com\/de\/quem-somos\/","og_site_name":"Automoldes","article_modified_time":"2018-01-26T13:21:12+00:00","og_image":[{"url":"https:\/\/www.automoldes.com\/wp-content\/uploads\/2016\/08\/64.jpg"}],"twitter_card":"summary_large_image","twitter_misc":{"Gesch\u00e4tzte Lesezeit":"2\u00a0Minuten"},"schema":{"@context":"https:\/\/schema.org","@graph":[{"@type":"WebPage","@id":"https:\/\/automoldes.com\/de\/quem-somos\/","url":"https:\/\/automoldes.com\/de\/quem-somos\/","name":"\u00dcber uns - Automoldes","isPartOf":{"@id":"https:\/\/automoldes.com\/#website"},"datePublished":"2013-11-19T09:01:12+00:00","dateModified":"2018-01-26T13:21:12+00:00","breadcrumb":{"@id":"https:\/\/automoldes.com\/de\/quem-somos\/#breadcrumb"},"inLanguage":"de","potentialAction":[{"@type":"ReadAction","target":["https:\/\/automoldes.com\/de\/quem-somos\/"]}]},{"@type":"BreadcrumbList","@id":"https:\/\/automoldes.com\/de\/quem-somos\/#breadcrumb","itemListElement":[{"@type":"ListItem","position":1,"name":"In\u00edcio","item":"https:\/\/automoldes.com\/de\/"},{"@type":"ListItem","position":2,"name":"\u00dcber uns"}]},{"@type":"WebSite","@id":"https:\/\/automoldes.com\/#website","url":"https:\/\/automoldes.com\/","name":"Automoldes","description":"Ind\u00fastria de Moldes","potentialAction":[{"@type":"SearchAction","target":{"@type":"EntryPoint","urlTemplate":"https:\/\/automoldes.com\/?s={search_term_string}"},"query-input":"required name=search_term_string"}],"inLanguage":"de"}]}},"_links":{"self":[{"href":"https:\/\/automoldes.com\/de\/wp-json\/wp\/v2\/pages\/1483\/"}],"collection":[{"href":"https:\/\/automoldes.com\/de\/wp-json\/wp\/v2\/pages\/"}],"about":[{"href":"https:\/\/automoldes.com\/de\/wp-json\/wp\/v2\/types\/page\/"}],"author":[{"embeddable":true,"href":"https:\/\/automoldes.com\/de\/wp-json\/wp\/v2\/users\/3\/"}],"replies":[{"embeddable":true,"href":"https:\/\/automoldes.com\/de\/wp-json\/wp\/v2\/comments\/?post=1483"}],"version-history":[{"count":0,"href":"https:\/\/automoldes.com\/de\/wp-json\/wp\/v2\/pages\/1483\/revisions\/"}],"wp:attachment":[{"href":"https:\/\/automoldes.com\/de\/wp-json\/wp\/v2\/media\/?parent=1483"}],"curies":[{"name":"wp","href":"https:\/\/api.w.org\/{rel}","templated":true}]}}