{"id":1492,"date":"2013-11-19T09:29:30","date_gmt":"2013-11-19T09:29:30","guid":{"rendered":"https:\/\/www.automoldes.com\/leistungen\/gabinete-de-desenho\/"},"modified":"2016-02-10T10:24:51","modified_gmt":"2016-02-10T10:24:51","slug":"projektburo","status":"publish","type":"page","link":"https:\/\/automoldes.com\/de\/leistungen\/projektburo\/","title":{"rendered":"Projektb\u00fcro"},"content":{"rendered":"<p>&nbsp;<\/p>\n<h3>Projektb\u00fcro<\/h3>\n<div class=\"divider-border\"><\/div>\n<p>In dieser Abteilung arbeiten qualifizierte Fachkr\u00e4fte an der Entwicklung von Projekten in 2D und 3D CAD. Als Software wird Solidworks verwendet.<\/p>\n<p>&nbsp;<\/p>\n<div style=\"height: 450px\" data-fullscreen=\"false\" data-autorotate=\"\" data-parallax=\"false\" data-full-width=\"false\" class=\"nectar-slider-wrap \" id=\"ns-id-69f383f3c8c52\">\n\t\t<div style=\"height: 450px\" class=\"swiper-container\" data-loop=\"false\" data-height=\"450\" data-arrows=\"true\" data-bullets=\"true\" data-desktop-swipe=\"false\">\n\t\t\t    <div class=\"swiper-wrapper\"><div class=\"swiper-slide\" style=\"background-image: url(https:\/\/www.automoldes.com\/wp-content\/uploads\/2016\/06\/38.jpg);\" data-bg-alignment=\"center\" data-color-scheme=\"light\" data-x-pos=\"left\" data-y-pos=\"middle\"> \n\t\t\t\t\n\t\t\t\t\t\t\t<div class=\"container\">\n\t\t\t\t\t\t\t\t<div class=\"content\"><\/div>\n\t\t\t\t\t\t\t<\/div><!--\/container--><\/div><!--\/swiper-slide--><div class=\"swiper-slide\" style=\"background-image: url(https:\/\/www.automoldes.com\/wp-content\/uploads\/2016\/06\/39.jpg);\" data-bg-alignment=\"center\" data-color-scheme=\"light\" data-x-pos=\"left\" data-y-pos=\"middle\"> \n\t\t\t\t\n\t\t\t\t\t\t\t<div class=\"container\">\n\t\t\t\t\t\t\t\t<div class=\"content\"><\/div>\n\t\t\t\t\t\t\t<\/div><!--\/container--><\/div><!--\/swiper-slide--><div class=\"swiper-slide\" style=\"background-image: url(https:\/\/www.automoldes.com\/wp-content\/uploads\/2016\/06\/40.jpg);\" data-bg-alignment=\"center\" data-color-scheme=\"light\" data-x-pos=\"left\" data-y-pos=\"middle\"> \n\t\t\t\t\n\t\t\t\t\t\t\t<div class=\"container\">\n\t\t\t\t\t\t\t\t<div class=\"content\"><\/div>\n\t\t\t\t\t\t\t<\/div><!--\/container--><\/div><!--\/swiper-slide--><div class=\"swiper-slide\" style=\"background-image: url(https:\/\/www.automoldes.com\/wp-content\/uploads\/2016\/06\/41.jpg);\" data-bg-alignment=\"center\" data-color-scheme=\"light\" data-x-pos=\"left\" data-y-pos=\"middle\"> \n\t\t\t\t\n\t\t\t\t\t\t\t<div class=\"container\">\n\t\t\t\t\t\t\t\t<div class=\"content\"><\/div>\n\t\t\t\t\t\t\t<\/div><!--\/container--><\/div><!--\/swiper-slide--><\/div><a href=\"\" class=\"slider-prev\"><i class=\"icon-salient-left-arrow\"><\/i> <div class=\"slide-count\"> <span class=\"slide-current\">1<\/span> <i class=\"icon-salient-right-line\"><\/i> <span class=\"slide-total\"><\/span> <\/div> <\/a>\n\t\t\t     \t\t<a href=\"\" class=\"slider-next\"><i class=\"icon-salient-right-arrow\"><\/i> <div class=\"slide-count\"> <span class=\"slide-current\">1<\/span> <i class=\"icon-salient-right-line\"><\/i> <span class=\"slide-total\"><\/span> <\/div> <\/a><div class=\"slider-pagination\"><\/div><div class=\"nectar-slider-loading\"><\/div> <\/div>\n\t\t\t\n\t\t<\/div>\n<p>&nbsp;<\/p>\n<p>&nbsp;<\/p>\n<p>&nbsp;<\/p>\n","protected":false},"excerpt":{"rendered":"<p>&nbsp; Projektb\u00fcro In dieser Abteilung arbeiten qualifizierte Fachkr\u00e4fte an der Entwicklung von Projekten in 2D und 3D CAD. Als Software wird Solidworks verwendet. &nbsp; &nbsp; &nbsp; &nbsp;<\/p>\n","protected":false},"author":3,"featured_media":0,"parent":1486,"menu_order":0,"comment_status":"closed","ping_status":"closed","template":"","meta":[],"yoast_head":"<!-- This site is optimized with the Yoast SEO plugin v20.10 - https:\/\/yoast.com\/wordpress\/plugins\/seo\/ -->\n<title>Projektb\u00fcro - Automoldes<\/title>\n<meta name=\"robots\" content=\"index, follow, max-snippet:-1, max-image-preview:large, max-video-preview:-1\" \/>\n<link rel=\"canonical\" href=\"https:\/\/automoldes.com\/de\/leistungen\/projektburo\/\" \/>\n<meta property=\"og:locale\" content=\"de_DE\" \/>\n<meta property=\"og:type\" content=\"article\" \/>\n<meta property=\"og:title\" content=\"Projektb\u00fcro - Automoldes\" \/>\n<meta property=\"og:description\" content=\"&nbsp; Projektb\u00fcro In dieser Abteilung arbeiten qualifizierte Fachkr\u00e4fte an der Entwicklung von Projekten in 2D und 3D CAD. Als Software wird Solidworks verwendet. &nbsp; &nbsp; &nbsp; &nbsp;\" \/>\n<meta property=\"og:url\" content=\"https:\/\/automoldes.com\/de\/leistungen\/projektburo\/\" \/>\n<meta property=\"og:site_name\" content=\"Automoldes\" \/>\n<meta property=\"article:modified_time\" content=\"2016-02-10T10:24:51+00:00\" \/>\n<meta name=\"twitter:card\" content=\"summary_large_image\" \/>\n<script type=\"application\/ld+json\" class=\"yoast-schema-graph\">{\"@context\":\"https:\/\/schema.org\",\"@graph\":[{\"@type\":\"WebPage\",\"@id\":\"https:\/\/automoldes.com\/de\/leistungen\/projektburo\/\",\"url\":\"https:\/\/automoldes.com\/de\/leistungen\/projektburo\/\",\"name\":\"Projektb\u00fcro - Automoldes\",\"isPartOf\":{\"@id\":\"https:\/\/automoldes.com\/#website\"},\"datePublished\":\"2013-11-19T09:29:30+00:00\",\"dateModified\":\"2016-02-10T10:24:51+00:00\",\"breadcrumb\":{\"@id\":\"https:\/\/automoldes.com\/de\/leistungen\/projektburo\/#breadcrumb\"},\"inLanguage\":\"de\",\"potentialAction\":[{\"@type\":\"ReadAction\",\"target\":[\"https:\/\/automoldes.com\/de\/leistungen\/projektburo\/\"]}]},{\"@type\":\"BreadcrumbList\",\"@id\":\"https:\/\/automoldes.com\/de\/leistungen\/projektburo\/#breadcrumb\",\"itemListElement\":[{\"@type\":\"ListItem\",\"position\":1,\"name\":\"In\u00edcio\",\"item\":\"https:\/\/automoldes.com\/de\/\"},{\"@type\":\"ListItem\",\"position\":2,\"name\":\"Leistungen\",\"item\":\"https:\/\/automoldes.com\/de\/leistungen\/\"},{\"@type\":\"ListItem\",\"position\":3,\"name\":\"Projektb\u00fcro\"}]},{\"@type\":\"WebSite\",\"@id\":\"https:\/\/automoldes.com\/#website\",\"url\":\"https:\/\/automoldes.com\/\",\"name\":\"Automoldes\",\"description\":\"Ind\u00fastria de Moldes\",\"potentialAction\":[{\"@type\":\"SearchAction\",\"target\":{\"@type\":\"EntryPoint\",\"urlTemplate\":\"https:\/\/automoldes.com\/?s={search_term_string}\"},\"query-input\":\"required name=search_term_string\"}],\"inLanguage\":\"de\"}]}<\/script>\n<!-- \/ Yoast SEO plugin. -->","yoast_head_json":{"title":"Projektb\u00fcro - Automoldes","robots":{"index":"index","follow":"follow","max-snippet":"max-snippet:-1","max-image-preview":"max-image-preview:large","max-video-preview":"max-video-preview:-1"},"canonical":"https:\/\/automoldes.com\/de\/leistungen\/projektburo\/","og_locale":"de_DE","og_type":"article","og_title":"Projektb\u00fcro - Automoldes","og_description":"&nbsp; Projektb\u00fcro In dieser Abteilung arbeiten qualifizierte Fachkr\u00e4fte an der Entwicklung von Projekten in 2D und 3D CAD. Als Software wird Solidworks verwendet. &nbsp; &nbsp; &nbsp; &nbsp;","og_url":"https:\/\/automoldes.com\/de\/leistungen\/projektburo\/","og_site_name":"Automoldes","article_modified_time":"2016-02-10T10:24:51+00:00","twitter_card":"summary_large_image","schema":{"@context":"https:\/\/schema.org","@graph":[{"@type":"WebPage","@id":"https:\/\/automoldes.com\/de\/leistungen\/projektburo\/","url":"https:\/\/automoldes.com\/de\/leistungen\/projektburo\/","name":"Projektb\u00fcro - Automoldes","isPartOf":{"@id":"https:\/\/automoldes.com\/#website"},"datePublished":"2013-11-19T09:29:30+00:00","dateModified":"2016-02-10T10:24:51+00:00","breadcrumb":{"@id":"https:\/\/automoldes.com\/de\/leistungen\/projektburo\/#breadcrumb"},"inLanguage":"de","potentialAction":[{"@type":"ReadAction","target":["https:\/\/automoldes.com\/de\/leistungen\/projektburo\/"]}]},{"@type":"BreadcrumbList","@id":"https:\/\/automoldes.com\/de\/leistungen\/projektburo\/#breadcrumb","itemListElement":[{"@type":"ListItem","position":1,"name":"In\u00edcio","item":"https:\/\/automoldes.com\/de\/"},{"@type":"ListItem","position":2,"name":"Leistungen","item":"https:\/\/automoldes.com\/de\/leistungen\/"},{"@type":"ListItem","position":3,"name":"Projektb\u00fcro"}]},{"@type":"WebSite","@id":"https:\/\/automoldes.com\/#website","url":"https:\/\/automoldes.com\/","name":"Automoldes","description":"Ind\u00fastria de Moldes","potentialAction":[{"@type":"SearchAction","target":{"@type":"EntryPoint","urlTemplate":"https:\/\/automoldes.com\/?s={search_term_string}"},"query-input":"required name=search_term_string"}],"inLanguage":"de"}]}},"_links":{"self":[{"href":"https:\/\/automoldes.com\/de\/wp-json\/wp\/v2\/pages\/1492\/"}],"collection":[{"href":"https:\/\/automoldes.com\/de\/wp-json\/wp\/v2\/pages\/"}],"about":[{"href":"https:\/\/automoldes.com\/de\/wp-json\/wp\/v2\/types\/page\/"}],"author":[{"embeddable":true,"href":"https:\/\/automoldes.com\/de\/wp-json\/wp\/v2\/users\/3\/"}],"replies":[{"embeddable":true,"href":"https:\/\/automoldes.com\/de\/wp-json\/wp\/v2\/comments\/?post=1492"}],"version-history":[{"count":0,"href":"https:\/\/automoldes.com\/de\/wp-json\/wp\/v2\/pages\/1492\/revisions\/"}],"up":[{"embeddable":true,"href":"https:\/\/automoldes.com\/de\/wp-json\/wp\/v2\/pages\/1486\/"}],"wp:attachment":[{"href":"https:\/\/automoldes.com\/de\/wp-json\/wp\/v2\/media\/?parent=1492"}],"curies":[{"name":"wp","href":"https:\/\/api.w.org\/{rel}","templated":true}]}}