{"id":1508,"date":"2013-11-25T17:15:11","date_gmt":"2013-11-25T17:15:11","guid":{"rendered":"https:\/\/www.automoldes.com\/careers-2\/"},"modified":"2021-02-01T11:55:31","modified_gmt":"2021-02-01T11:55:31","slug":"karriere","status":"publish","type":"page","link":"https:\/\/automoldes.com\/de\/karriere\/","title":{"rendered":"Karriere"},"content":{"rendered":"<div class=\"col span_6\">\n<h2 style=\"text-align: center;\">Karriere<\/h2>\n<div class=\"divider-small-border\"><\/div>\n<p style=\"text-align: justify;\"><span style=\"color: #888888;\">AUTOMOLDES befindet sich im Wachstum und in st\u00e4ndiger Entwicklung, sowohl im technologischen als auch im wissenschaftlichen Bereich.<\/span><\/p>\n<p style=\"text-align: justify;\"><span style=\"color: #888888;\">Dieses wird immer auch von einem Wachstum unserer Mitarbeiter begleitet, sowohl durch die Weiterbildung von bereits bestehendem Personal, als auch durch die Einstellung von neuen Mitarbeitern. Dadurch wird ein Team mit gro\u00dfer Erfahrung im Bereich der Formenbaus garantiert.<\/span><\/p>\n<p style=\"text-align: justify;\"><span style=\"color: #888888;\">Wir bedanken uns bereits im Voraus f\u00fcr Ihr Interesse an unserem Unternehmen. Falls sie Teil unseres Teams werden m\u00f6chten, schicken Sie uns bitte Ihre Bewerbungsunterlagen \u00fcber die folgende Plattform:<\/span><\/p>\n<\/div>\n<div class=\"col span_6 col_last\">\n<h2 style=\"text-align: center;\">Initiativbewerbungen<\/h2>\n<div class=\"divider-small-border\"><\/div>\n<div class=\"wpcf7 no-js\" id=\"wpcf7-f4297-o1\" lang=\"pt-PT\" dir=\"ltr\">\n<div class=\"screen-reader-response\"><p role=\"status\" aria-live=\"polite\" aria-atomic=\"true\"><\/p> <ul><\/ul><\/div>\n<form action=\"\/de\/wp-json\/wp\/v2\/pages\/1508\/#wpcf7-f4297-o1\" method=\"post\" class=\"wpcf7-form init\" aria-label=\"Kontaktformular\" enctype=\"multipart\/form-data\" novalidate=\"novalidate\" data-status=\"init\">\n<div style=\"display: none;\">\n<input type=\"hidden\" name=\"_wpcf7\" value=\"4297\" \/>\n<input type=\"hidden\" name=\"_wpcf7_version\" value=\"5.7.7\" \/>\n<input type=\"hidden\" name=\"_wpcf7_locale\" value=\"pt_PT\" \/>\n<input type=\"hidden\" name=\"_wpcf7_unit_tag\" value=\"wpcf7-f4297-o1\" \/>\n<input type=\"hidden\" name=\"_wpcf7_container_post\" value=\"0\" \/>\n<input type=\"hidden\" name=\"_wpcf7_posted_data_hash\" value=\"\" \/>\n<input type=\"hidden\" name=\"_wpcf7_recaptcha_response\" value=\"\" \/>\n<\/div>\n<p><label> Dein Name (verpflichtend)<br \/>\n<span class=\"wpcf7-form-control-wrap\" data-name=\"your-name\"><input size=\"40\" class=\"wpcf7-form-control wpcf7-text wpcf7-validates-as-required\" aria-required=\"true\" aria-invalid=\"false\" value=\"\" type=\"text\" name=\"your-name\" \/><\/span> <\/label>\n<\/p>\n<p><label> Deine E-Mail (verpflichtend)<br \/>\n<span class=\"wpcf7-form-control-wrap\" data-name=\"your-email\"><input size=\"40\" class=\"wpcf7-form-control wpcf7-text wpcf7-email wpcf7-validates-as-required wpcf7-validates-as-email\" aria-required=\"true\" aria-invalid=\"false\" value=\"\" type=\"email\" name=\"your-email\" \/><\/span> <\/label>\n<\/p>\n<p><label> Ihr Telefonkontakt<br \/>\n<span class=\"wpcf7-form-control-wrap\" data-name=\"your-telephone\"><input size=\"40\" class=\"wpcf7-form-control wpcf7-text\" aria-invalid=\"false\" value=\"\" type=\"text\" name=\"your-telephone\" \/><\/span> <\/label>\n<\/p>\n<p><label> Laden Sie Ihren Lebenslauf in eine PDF- oder JPG-Datei hoch<br \/>\n<span class=\"wpcf7-form-control-wrap\" data-name=\"Curriculo\"><input size=\"40\" class=\"wpcf7-form-control wpcf7-file\" accept=\".doc,.pdf,.jpg\" aria-invalid=\"false\" type=\"file\" name=\"Curriculo\" \/><\/span><\/label>\n<\/p>\n<p><input class=\"wpcf7-form-control has-spinner wpcf7-submit\" type=\"submit\" value=\"Einreichen\" \/>\n<\/p><div class=\"wpcf7-response-output\" aria-hidden=\"true\"><\/div>\n<\/form>\n<\/div>\n\n<\/div><div class=\"clear\"><\/div>\n<p>&nbsp;<\/p>\n<p>&nbsp;<\/p>\n","protected":false},"excerpt":{"rendered":"<p>&nbsp; &nbsp;<\/p>\n","protected":false},"author":2,"featured_media":0,"parent":0,"menu_order":0,"comment_status":"closed","ping_status":"closed","template":"","meta":[],"yoast_head":"<!-- This site is optimized with the Yoast SEO plugin v20.10 - https:\/\/yoast.com\/wordpress\/plugins\/seo\/ -->\n<title>Karriere - Automoldes<\/title>\n<meta name=\"robots\" content=\"index, follow, max-snippet:-1, max-image-preview:large, max-video-preview:-1\" \/>\n<link rel=\"canonical\" href=\"https:\/\/automoldes.com\/de\/karriere\/\" \/>\n<meta property=\"og:locale\" content=\"de_DE\" \/>\n<meta property=\"og:type\" content=\"article\" \/>\n<meta property=\"og:title\" content=\"Karriere - Automoldes\" \/>\n<meta property=\"og:description\" content=\"&nbsp; &nbsp;\" \/>\n<meta property=\"og:url\" content=\"https:\/\/automoldes.com\/de\/karriere\/\" \/>\n<meta property=\"og:site_name\" content=\"Automoldes\" \/>\n<meta property=\"article:modified_time\" content=\"2021-02-01T11:55:31+00:00\" \/>\n<meta name=\"twitter:card\" content=\"summary_large_image\" \/>\n<meta name=\"twitter:label1\" content=\"Gesch\u00e4tzte Lesezeit\" \/>\n\t<meta name=\"twitter:data1\" content=\"1\u00a0Minute\" \/>\n<script type=\"application\/ld+json\" class=\"yoast-schema-graph\">{\"@context\":\"https:\/\/schema.org\",\"@graph\":[{\"@type\":\"WebPage\",\"@id\":\"https:\/\/automoldes.com\/de\/karriere\/\",\"url\":\"https:\/\/automoldes.com\/de\/karriere\/\",\"name\":\"Karriere - Automoldes\",\"isPartOf\":{\"@id\":\"https:\/\/automoldes.com\/#website\"},\"datePublished\":\"2013-11-25T17:15:11+00:00\",\"dateModified\":\"2021-02-01T11:55:31+00:00\",\"breadcrumb\":{\"@id\":\"https:\/\/automoldes.com\/de\/karriere\/#breadcrumb\"},\"inLanguage\":\"de\",\"potentialAction\":[{\"@type\":\"ReadAction\",\"target\":[\"https:\/\/automoldes.com\/de\/karriere\/\"]}]},{\"@type\":\"BreadcrumbList\",\"@id\":\"https:\/\/automoldes.com\/de\/karriere\/#breadcrumb\",\"itemListElement\":[{\"@type\":\"ListItem\",\"position\":1,\"name\":\"In\u00edcio\",\"item\":\"https:\/\/automoldes.com\/de\/\"},{\"@type\":\"ListItem\",\"position\":2,\"name\":\"Karriere\"}]},{\"@type\":\"WebSite\",\"@id\":\"https:\/\/automoldes.com\/#website\",\"url\":\"https:\/\/automoldes.com\/\",\"name\":\"Automoldes\",\"description\":\"Ind\u00fastria de Moldes\",\"potentialAction\":[{\"@type\":\"SearchAction\",\"target\":{\"@type\":\"EntryPoint\",\"urlTemplate\":\"https:\/\/automoldes.com\/?s={search_term_string}\"},\"query-input\":\"required name=search_term_string\"}],\"inLanguage\":\"de\"}]}<\/script>\n<!-- \/ Yoast SEO plugin. -->","yoast_head_json":{"title":"Karriere - Automoldes","robots":{"index":"index","follow":"follow","max-snippet":"max-snippet:-1","max-image-preview":"max-image-preview:large","max-video-preview":"max-video-preview:-1"},"canonical":"https:\/\/automoldes.com\/de\/karriere\/","og_locale":"de_DE","og_type":"article","og_title":"Karriere - Automoldes","og_description":"&nbsp; &nbsp;","og_url":"https:\/\/automoldes.com\/de\/karriere\/","og_site_name":"Automoldes","article_modified_time":"2021-02-01T11:55:31+00:00","twitter_card":"summary_large_image","twitter_misc":{"Gesch\u00e4tzte Lesezeit":"1\u00a0Minute"},"schema":{"@context":"https:\/\/schema.org","@graph":[{"@type":"WebPage","@id":"https:\/\/automoldes.com\/de\/karriere\/","url":"https:\/\/automoldes.com\/de\/karriere\/","name":"Karriere - Automoldes","isPartOf":{"@id":"https:\/\/automoldes.com\/#website"},"datePublished":"2013-11-25T17:15:11+00:00","dateModified":"2021-02-01T11:55:31+00:00","breadcrumb":{"@id":"https:\/\/automoldes.com\/de\/karriere\/#breadcrumb"},"inLanguage":"de","potentialAction":[{"@type":"ReadAction","target":["https:\/\/automoldes.com\/de\/karriere\/"]}]},{"@type":"BreadcrumbList","@id":"https:\/\/automoldes.com\/de\/karriere\/#breadcrumb","itemListElement":[{"@type":"ListItem","position":1,"name":"In\u00edcio","item":"https:\/\/automoldes.com\/de\/"},{"@type":"ListItem","position":2,"name":"Karriere"}]},{"@type":"WebSite","@id":"https:\/\/automoldes.com\/#website","url":"https:\/\/automoldes.com\/","name":"Automoldes","description":"Ind\u00fastria de Moldes","potentialAction":[{"@type":"SearchAction","target":{"@type":"EntryPoint","urlTemplate":"https:\/\/automoldes.com\/?s={search_term_string}"},"query-input":"required name=search_term_string"}],"inLanguage":"de"}]}},"_links":{"self":[{"href":"https:\/\/automoldes.com\/de\/wp-json\/wp\/v2\/pages\/1508\/"}],"collection":[{"href":"https:\/\/automoldes.com\/de\/wp-json\/wp\/v2\/pages\/"}],"about":[{"href":"https:\/\/automoldes.com\/de\/wp-json\/wp\/v2\/types\/page\/"}],"author":[{"embeddable":true,"href":"https:\/\/automoldes.com\/de\/wp-json\/wp\/v2\/users\/2\/"}],"replies":[{"embeddable":true,"href":"https:\/\/automoldes.com\/de\/wp-json\/wp\/v2\/comments\/?post=1508"}],"version-history":[{"count":0,"href":"https:\/\/automoldes.com\/de\/wp-json\/wp\/v2\/pages\/1508\/revisions\/"}],"wp:attachment":[{"href":"https:\/\/automoldes.com\/de\/wp-json\/wp\/v2\/media\/?parent=1508"}],"curies":[{"name":"wp","href":"https:\/\/api.w.org\/{rel}","templated":true}]}}