{"id":4162,"date":"2019-04-08T11:03:27","date_gmt":"2019-04-08T11:03:27","guid":{"rendered":"https:\/\/automoldes.com\/?page_id=4162"},"modified":"2019-04-08T11:03:27","modified_gmt":"2019-04-08T11:03:27","slug":"internacionalizacao","status":"publish","type":"page","link":"https:\/\/automoldes.com\/fr\/pt2020\/internacionalizacao\/","title":{"rendered":"Internacionaliza\u00e7\u00e3o"},"content":{"rendered":"<div class=\"col span_12\">\n<img decoding=\"async\" loading=\"lazy\" class=\"size-full align-center\" src=\"https:\/\/automoldes.com\/wp-content\/uploads\/2018\/05\/norte2020.jpg\" alt=\"2020\" width=\"1100\" height=\"\" \/><br \/>\n<span style=\"color: #000000;\"><\/div><div class=\"clear\"><\/div><\/span><\/p>\n<p><span style=\"color: #000000;\"><div class=\"col span_12\"><\/span><br \/>\n<span style=\"color: #000000;\"><span style=\"color: #000080;\"> Designa\u00e7\u00e3o do projeto |<\/span> INOVA\u00c7AO PRODUTIVA<\/span><br \/>\n<span style=\"color: #000000;\"><span style=\"color: #000080;\"> C\u00f3digo do projeto |<\/span> 01\/SI\/2016 &#8211; INCENTIVOS \u00c0 INOVA\u00c7\u00c3O EMPRESARIAL<\/span><br \/>\n<span style=\"color: #000000;\"><span style=\"color: #000080;\"> Objetivo principal|\u00a0<\/span>REFOR\u00c7AR A COMPETITIVIDADE DAS PME<\/span><br \/>\n<span style=\"color: #000000;\"><span style=\"color: #000080;\"> Regi\u00e3o de interven\u00e7\u00e3o |<\/span> NORTE<\/span><br \/>\n<span style=\"color: #000000;\"><span style=\"color: #000080;\"> Entidade benefici\u00e1ria |<\/span> AUTOMOLDES &#8211; IND\u00daSTRIA DE MOLDES, UNIPESSOAL LDA<\/span><br \/>\n<span style=\"color: #000000;\"> <\/div><div class=\"clear\"><\/div><\/span><\/p>\n<p><span style=\"color: #000000;\"><div class=\"col span_12\"><\/span><br \/>\n<span style=\"color: #000000;\"><span style=\"color: #000080;\"> Data de aprova\u00e7\u00e3o |\u00a0<\/span>02-11-2016<\/span><br \/>\n<span style=\"color: #000000;\"><span style=\"color: #000080;\"> Data de in\u00edcio |<\/span>\u00a001-04-2016<\/span><br \/>\n<span style=\"color: #000000;\"><span style=\"color: #000080;\"> Data de conclus\u00e3o |\u00a0<\/span>31-03-2018 &#8211; havendo uma prorroga\u00e7\u00e3o do prazo de conclus\u00e3o at\u00e9 dia 12-04-2018<\/span><br \/>\n<span style=\"color: #000000;\"><span style=\"color: #000080;\"> Custo total eleg\u00edvel | <\/span>890.381,47\u00a0\u20ac<\/span><br \/>\n<span style=\"color: #000000;\"><span style=\"color: #000080;\"> Apoio financeiro da Uni\u00e3o Europeia |<\/span> PO NorteFEDERNORTE-02-0853-FEDER-018974 &#8211; 523.020,00\u20ac\u00a0\u00a0\u00a0\u00a0\u00a0\u00a0\u00a0\u00a0 PO NorteFSENORTE-06-3560-FSE-018974 &#8211; 13.077,03\u20ac<\/span><br \/>\n<span style=\"color: #000000;\"> <\/div><div class=\"clear\"><\/div><\/span><\/p>\n<div class=\"col span_12\">\n<span style=\"color: #000080;\">Postos de trabalho previstos |\u00a0<span style=\"color: #000000;\">7\u00a0 <\/span><\/span><br \/>\n<span style=\"color: #000080;\">VAB\u00a0previsto\u00a0|\u00a0<span style=\"color: #000000;\">996.246,06\u20ac <\/span><\/span><br \/>\n<span style=\"color: #000080;\">Volume de neg\u00f3cios previsto |\u00a0<span style=\"color: #000000;\">1.786.446,36\u20ac <\/span><\/span><br \/>\n<span style=\"color: #000080;\"><\/div><div class=\"clear\"><\/div><\/span><\/p>\n<p><span style=\"color: #000000;\"><div class=\"col span_12\"><\/span><\/p>\n<p><span style=\"color: #000000;\">O projeto, Inova\u00e7\u00e3o na maquina\u00e7\u00e3o de microdetalhes, desenvolvimento de solu\u00e7\u00f5es para Garras e Gabaris de controlo para a ind\u00fastria autom\u00f3vel \u2013 implementa\u00e7\u00e3o do conceito: \u201cNew plug-and-play injection mold\u201c, trata-se de um projeto audacioso no que refere \u00e0 inova\u00e7\u00e3o e desenvolvimento tecnol\u00f3gico de marketing e organizacional, pois aborda novas tecnologias de topo que se encontram em desenvolvimento e que s\u00e3o, desde j\u00e1, muito solicitadas pelas ind\u00fastrias envolventes. Al\u00e9m disso, representa uma possibilidade de crescimento, divulga\u00e7\u00e3o e reconhecimento importante para a Automoldes relativamente \u00e0 capacidade e qualidade de presta\u00e7\u00e3o de servi\u00e7os.<\/span><\/p>\n<p><span style=\"color: #000000;\">A ind\u00fastria de fabrica\u00e7\u00e3o de moldes met\u00e1licos para produ\u00e7\u00e3o de pe\u00e7as pl\u00e1sticas t\u00e9cnicas moldadas por inje\u00e7\u00e3o encontra-se num sector competitivo e com fortes din\u00e2micas de crescimento, o seu sucesso sustent\u00e1vel \u00e9 testemunho da sua capacidade inovadora.<\/span><\/p>\n<p><span style=\"color: #000000;\">Face a este enquadramento, a estrat\u00e9gia da empresa para desenvolvimento deste projeto centra-se no cumprimento de 4 fases de atividades:<\/span><\/p>\n<p><span style=\"color: #000080;\">Atividade 1: Melhoria organizacional da empresa;<\/span><\/p>\n<p><span style=\"color: #000080;\">Atividade 2: Atualiza\u00e7\u00e3o estrutural dos processos existente;<\/span><\/p>\n<p><span style=\"color: #000080;\">Atividade 3: Inova\u00e7\u00e3o pela cria\u00e7\u00e3o de novos produtos e solu\u00e7\u00f5es para o mercado;<\/span><\/p>\n<p><span style=\"color: #000080;\">Atividade 4: Implementa\u00e7\u00e3o de estrat\u00e9gias de marketing e divulga\u00e7\u00e3o de servi\u00e7os e produtos;<\/span><\/p>\n<p><span style=\"color: #000000;\">Para tal, inicialmente, pretende-se implementar uma melhoria organizacional na empresa a n\u00edvel de qualifica\u00e7\u00e3o de recursos, implementa\u00e7\u00e3o de softwares de gest\u00e3o e organiza\u00e7\u00e3o, e cria\u00e7\u00e3o de novas metodologias de trabalho, sempre garantindo altos padr\u00f5es de qualidade.<\/span><\/p>\n<p><span style=\"color: #000000;\">A par das melhorias organizacionais ser\u00e3o minuciosamente explorados os temas a que o projeto se prop\u00f5e, nomeadamente sobre a maquina\u00e7\u00e3o e produ\u00e7\u00e3o de moldes t\u00e9cnicos para produ\u00e7\u00e3o de \u00f3ticas para ve\u00edculos e produ\u00e7\u00e3o e desenvolvimentos de garras e gabaritos de controlo para pe\u00e7as pl\u00e1sticas, suas aplica\u00e7\u00f5es, princ\u00edpios de funcionamento, componentes, mercado, entre outros, atrav\u00e9s do desenvolvimento de estudos, forma\u00e7\u00f5es sobre novas tecnologias, desenvolvimento de planos de marketing e de estrat\u00e9gias de mercado.<\/span><\/p>\n<p><span style=\"color: #000000;\">Para desenvolvimento e implementa\u00e7\u00e3o destas novas tecnologias, \u00e9 necess\u00e1rio ser capaz de desenvolver componentes mec\u00e2nicos complexos, com elevado rigor e precis\u00e3o, e assegurar a qualidade dimensional destes no que respeita a toler\u00e2ncias, folgas, formas, entre outras.<\/span><\/p>\n<p><span style=\"color: #000000;\">Portanto, a empresa visa, inovar na constru\u00e7\u00e3o e desenvolvimento de superf\u00edcies moldantes mais complexas, com recurso a novas tecnologias e equipamentos de maquina\u00e7\u00e3o de alta velocidade e precis\u00e3o, por forma a obter superf\u00edcies de elevada qualidade, com maior rigor dimensional e de forma, em tempos de execu\u00e7\u00e3o mais curtos. Este crescimento vai permitir responder mais eficazmente \u00e0s crescentes press\u00f5es exercidas pelo mercado mantendo a competitividade. O objetivo, voltado para o futuro, \u00e9 ent\u00e3o maquinar formas de alguns mil\u00edmetros com uma precis\u00e3o manom\u00e9trica.<\/span><\/p>\n<p><span style=\"color: #000000;\">Com o desenvolvimento deste projeto, objetiva-se a cria\u00e7\u00e3o de um procedimento de medi\u00e7\u00e3o e valida\u00e7\u00e3o das propriedades metrol\u00f3gicas das superf\u00edcies moldantes, dos el\u00e9trodos maquinados para futura eletro-eros\u00e3o das superf\u00edcies moldantes, das pe\u00e7as produzidas pelo molde, dos Gabaris de controlo e das Garras por a\u00e7\u00e3o de pessoal qualificado, criando assim, um sistema de controlo dimensional e de qualidade do trabalho executado.<\/span><\/p>\n<p><span style=\"color: #000000;\">Na \u00e1rea da produ\u00e7\u00e3o e desenvolvimento de moldes, \u00e9 importante, para permitir o acesso \u00e0 internacionaliza\u00e7\u00e3o direta, a cria\u00e7\u00e3o do molde como produto acabado e de qualidade garantida. Assim sendo, \u00e9 fundamental que a empresa seja identificada como fornecedor de qualidade, para criar maior impacto a n\u00edvel de mercado e conseguir manter-se competitiva. Assim sendo, pretende-se tamb\u00e9m fazer um acompanhamento frequente do Sistema de Gest\u00e3o da Qualidade para garantir o cumprimento dos requisitos e garantir a evolu\u00e7\u00e3o sustent\u00e1vel e saud\u00e1vel do sistema para a nova norma NP EN ISO 9001:2015.<\/span><\/p>\n<p><span style=\"color: #000000;\">A divulga\u00e7\u00e3o dos resultados do projeto, a promo\u00e7\u00e3o das novas tecnologias em desenvolvimento e a demonstra\u00e7\u00e3o das capacidades cient\u00edficas e tecnol\u00f3gicas da empresa s\u00e3o de enorme import\u00e2ncia para aumentar a procura no mercado nacional e ingressar diretamente no mercado internacional. Para tal, pretende-se produzir material promocional e fazer divulga\u00e7\u00e3o em feiras nacionais e internacionais.<\/span><\/p>\n<p><span style=\"color: #000000;\">Como objetivos para o m\u00e9dio e longo prazo da empresa, foram definidos os seguintes:<\/span><\/p>\n<ol>\n<li><span style=\"color: #000000;\">Aumento da capacidade de produ\u00e7\u00e3o, a n\u00edvel de complexidade de execu\u00e7\u00e3o e cumprimento dos prazos de entrega, atrav\u00e9s da aquisi\u00e7\u00e3o de equipamentos modernos para a execu\u00e7\u00e3o de moldes, da qualifica\u00e7\u00e3o dos recursos e da organiza\u00e7\u00e3o geral do processo produtivo;<\/span><\/li>\n<li><span style=\"color: #000000;\">Aumento da qualidade dos produtos finais atrav\u00e9s diminui\u00e7\u00e3o das falhas e do retrabalho em cerca de 80% face \u00e0 produ\u00e7\u00e3o total, atrav\u00e9s da melhoria organizacional e identifica\u00e7\u00e3o, \u00e0 partida, de uma grande maioria das falhas identificadas atualmente nos moldes produzidos, atrav\u00e9s da organiza\u00e7\u00e3o empresarial que a execu\u00e7\u00e3o deste projeto vai impor prev\u00ea-se uma maior organiza\u00e7\u00e3o, mecaniza\u00e7\u00e3o e monitoriza\u00e7\u00e3o de todo o processo produtivo;<\/span><\/li>\n<li><span style=\"color: #000000;\">Iniciar a produ\u00e7\u00e3o\/fabrico de moldes t\u00e9cnicos para \u00f3ticas de ve\u00edculos &#8211; tecnologia de topo que obriga a um conhecimento da tecnologia de transmiss\u00e3o de luz LED atrav\u00e9s de material pl\u00e1stico, e capacidade de maquina\u00e7\u00e3o eficiente de prismas nas zonas moldantes e na produ\u00e7\u00e3o de solu\u00e7\u00f5es para Garras e Gabaris de controlo de forma a permitir a introdu\u00e7\u00e3o direta do molde em produ\u00e7\u00e3o autom\u00e1tica e em s\u00e9rie, de forma a atrair mais clientes e confirmar a aposta dos atuais nos servi\u00e7os prestados pela oferta de solu\u00e7\u00f5es completas;<\/span><\/li>\n<li><span style=\"color: #000000;\">Atingir um Volume de Neg\u00f3cios Internacional direto de aproximadamente 30% no ano de p\u00f3s-projeto, atrav\u00e9s da ado\u00e7\u00e3o do conceito \u201cNew\u00a0plug-and-play injection mold\u201d;<\/span><\/li>\n<li><span style=\"color: #000000;\">Substitui\u00e7\u00e3o dos servi\u00e7os subcontratados ao longo do processo produtivo por capacidades de resposta internas, que para al\u00e9m de uma melhoria na qualidade dos servi\u00e7os prestados, representa um ganho comercial concreto, e al\u00e9m dos deste ganho permite abrir uma nova linha de neg\u00f3cios atrav\u00e9s da possibilidade de presta\u00e7\u00e3o de servi\u00e7os a terceiros, servi\u00e7os que se encontram d\u00e9beis na \u00e1rea de atua\u00e7\u00e3o da empresa.<\/span><\/li>\n<\/ol>\n<p><span style=\"color: #000000;\">Para o desenvolvimento deste projeto a empresa vai utilizar todas as val\u00eancias t\u00e9cnicas e tecnol\u00f3gicas que det\u00e9m, desde os conhecimentos e experiencia em engenharia e projeto at\u00e9 aos equipamentos e colaboradores apostando na forma\u00e7\u00e3o espec\u00edfica e cont\u00ednua.<\/span><\/p>\n<p><span style=\"color: #000000;\">Com a prossecu\u00e7\u00e3o do presente projeto, haver\u00e1 a aposta em novos processos de produ\u00e7\u00e3o, com produ\u00e7\u00e3o de novos produtos por parte da Automoldes, bem como o refor\u00e7o de m\u00e9todos organizacionais e produtivos, que ainda mais relevantes se tornam se se considerar o setor de atividade onde a empresa se insere.<\/span><\/p>\n<p><span style=\"color: #000000;\">Com o atual n\u00edvel tecnol\u00f3gico, muita da produ\u00e7\u00e3o que a Automoldes pretende levar a cabo n\u00e3o \u00e9 poss\u00edvel. A impossibilidade de levar a cabo essa produ\u00e7\u00e3o tem encerrado uma limita\u00e7\u00e3o consider\u00e1vel ao crescimento da empresa. Por outro lado, estas novas tecnologias que ser\u00e3o implementadas ir\u00e3o fundamentar e sustentar a tentativa de internacionaliza\u00e7\u00e3o direta da empresa, que pretende entrar em mercados mais fortes e competitivos. Para tal desiderato, a Automoldes necessita de refor\u00e7ar as suas capacidades produtivas, aumentar a qualidade dos produtos fabricados, diminuir os tempos de resposta e ser mais eficiente na gest\u00e3o das mat\u00e9rias-primas e recursos como a energia.<\/span><\/p>\n<p><span style=\"color: #000000;\">A inova\u00e7\u00e3o far-se-\u00e1 sentir a todos os n\u00edveis, com investimentos que se podem considerar inovadores num segmento de mercado com potencial, havendo, portanto, melhorias significativas ao n\u00edvel da produtividade, da qualidade dos produtos, dos tempos de realiza\u00e7\u00e3o, dos custos com energia, entre outros. Atrav\u00e9s da introdu\u00e7\u00e3o de novos equipamentos (que promover\u00e3o uma significativa melhoria), e consubstanciando essa aposta num refor\u00e7o da estrutura organizacional da empresa, a Automoldes ter\u00e1 a possibilidade de dar uma resposta mais efetiva e pronta a todas as solicita\u00e7\u00f5es do mercado (prevendo a sua internacionaliza\u00e7\u00e3o).<\/span><\/p>\n<p><span style=\"color: #000000;\">A empresa dedica-se \u00e0 conce\u00e7\u00e3o, desenvolvimento, produ\u00e7\u00e3o e manuten\u00e7\u00e3o de moldes para inje\u00e7\u00e3o de pl\u00e1stico situa-se no concelho da Trofa e o projeto ser\u00e1 desenvolvido e implementado nas suas instala\u00e7\u00f5es.<\/span><\/p>\n<p><span style=\"color: #000000;\">Pelo exposto, e tendo em conta a prossecu\u00e7\u00e3o das iniciativas propostas na candidatura conclui-se que os investimentos consubstanciam inova\u00e7\u00f5es do processo, produto, organizacionais e de marketing, de natureza incremental ao n\u00edvel nacional e internacional.<\/span><\/p>\n<p><img decoding=\"async\" loading=\"lazy\" class=\"size-full align-center\" src=\"https:\/\/automoldes.com\/wp-content\/uploads\/2018\/05\/norte2020.jpg\" alt=\"2020\" width=\"1100\" height=\"\" \/><br \/>\n<\/div><div class=\"clear\"><\/div>\n","protected":false},"excerpt":{"rendered":"","protected":false},"author":3,"featured_media":0,"parent":3644,"menu_order":0,"comment_status":"closed","ping_status":"closed","template":"","meta":[],"yoast_head":"<!-- This site is optimized with the Yoast SEO plugin v20.10 - https:\/\/yoast.com\/wordpress\/plugins\/seo\/ -->\n<title>Internacionaliza\u00e7\u00e3o - Automoldes<\/title>\n<meta name=\"robots\" content=\"index, follow, max-snippet:-1, max-image-preview:large, max-video-preview:-1\" \/>\n<link rel=\"canonical\" href=\"https:\/\/automoldes.com\/fr\/pt2020\/internacionalizacao\/\" \/>\n<meta property=\"og:locale\" content=\"fr_FR\" \/>\n<meta property=\"og:type\" content=\"article\" \/>\n<meta property=\"og:title\" content=\"Internacionaliza\u00e7\u00e3o - Automoldes\" \/>\n<meta property=\"og:url\" content=\"https:\/\/automoldes.com\/fr\/pt2020\/internacionalizacao\/\" \/>\n<meta property=\"og:site_name\" content=\"Automoldes\" \/>\n<meta property=\"og:image\" content=\"https:\/\/automoldes.com\/wp-content\/uploads\/2018\/05\/norte2020.jpg\" \/>\n<meta name=\"twitter:card\" content=\"summary_large_image\" \/>\n<meta name=\"twitter:label1\" content=\"Dur\u00e9e de lecture estim\u00e9e\" \/>\n\t<meta name=\"twitter:data1\" content=\"8 minutes\" \/>\n<script type=\"application\/ld+json\" class=\"yoast-schema-graph\">{\"@context\":\"https:\/\/schema.org\",\"@graph\":[{\"@type\":\"WebPage\",\"@id\":\"https:\/\/automoldes.com\/fr\/pt2020\/internacionalizacao\/\",\"url\":\"https:\/\/automoldes.com\/fr\/pt2020\/internacionalizacao\/\",\"name\":\"Internacionaliza\u00e7\u00e3o - Automoldes\",\"isPartOf\":{\"@id\":\"https:\/\/automoldes.com\/#website\"},\"datePublished\":\"2019-04-08T11:03:27+00:00\",\"dateModified\":\"2019-04-08T11:03:27+00:00\",\"breadcrumb\":{\"@id\":\"https:\/\/automoldes.com\/fr\/pt2020\/internacionalizacao\/#breadcrumb\"},\"inLanguage\":\"fr-FR\",\"potentialAction\":[{\"@type\":\"ReadAction\",\"target\":[\"https:\/\/automoldes.com\/fr\/pt2020\/internacionalizacao\/\"]}]},{\"@type\":\"BreadcrumbList\",\"@id\":\"https:\/\/automoldes.com\/fr\/pt2020\/internacionalizacao\/#breadcrumb\",\"itemListElement\":[{\"@type\":\"ListItem\",\"position\":1,\"name\":\"In\u00edcio\",\"item\":\"https:\/\/automoldes.com\/fr\/\"},{\"@type\":\"ListItem\",\"position\":2,\"name\":\"PT2020\",\"item\":\"https:\/\/automoldes.com\/fr\/pt2020\/\"},{\"@type\":\"ListItem\",\"position\":3,\"name\":\"Internacionaliza\u00e7\u00e3o\"}]},{\"@type\":\"WebSite\",\"@id\":\"https:\/\/automoldes.com\/#website\",\"url\":\"https:\/\/automoldes.com\/\",\"name\":\"Automoldes\",\"description\":\"Ind\u00fastria de Moldes\",\"potentialAction\":[{\"@type\":\"SearchAction\",\"target\":{\"@type\":\"EntryPoint\",\"urlTemplate\":\"https:\/\/automoldes.com\/?s={search_term_string}\"},\"query-input\":\"required name=search_term_string\"}],\"inLanguage\":\"fr-FR\"}]}<\/script>\n<!-- \/ Yoast SEO plugin. -->","yoast_head_json":{"title":"Internacionaliza\u00e7\u00e3o - Automoldes","robots":{"index":"index","follow":"follow","max-snippet":"max-snippet:-1","max-image-preview":"max-image-preview:large","max-video-preview":"max-video-preview:-1"},"canonical":"https:\/\/automoldes.com\/fr\/pt2020\/internacionalizacao\/","og_locale":"fr_FR","og_type":"article","og_title":"Internacionaliza\u00e7\u00e3o - Automoldes","og_url":"https:\/\/automoldes.com\/fr\/pt2020\/internacionalizacao\/","og_site_name":"Automoldes","og_image":[{"url":"https:\/\/automoldes.com\/wp-content\/uploads\/2018\/05\/norte2020.jpg"}],"twitter_card":"summary_large_image","twitter_misc":{"Dur\u00e9e de lecture estim\u00e9e":"8 minutes"},"schema":{"@context":"https:\/\/schema.org","@graph":[{"@type":"WebPage","@id":"https:\/\/automoldes.com\/fr\/pt2020\/internacionalizacao\/","url":"https:\/\/automoldes.com\/fr\/pt2020\/internacionalizacao\/","name":"Internacionaliza\u00e7\u00e3o - Automoldes","isPartOf":{"@id":"https:\/\/automoldes.com\/#website"},"datePublished":"2019-04-08T11:03:27+00:00","dateModified":"2019-04-08T11:03:27+00:00","breadcrumb":{"@id":"https:\/\/automoldes.com\/fr\/pt2020\/internacionalizacao\/#breadcrumb"},"inLanguage":"fr-FR","potentialAction":[{"@type":"ReadAction","target":["https:\/\/automoldes.com\/fr\/pt2020\/internacionalizacao\/"]}]},{"@type":"BreadcrumbList","@id":"https:\/\/automoldes.com\/fr\/pt2020\/internacionalizacao\/#breadcrumb","itemListElement":[{"@type":"ListItem","position":1,"name":"In\u00edcio","item":"https:\/\/automoldes.com\/fr\/"},{"@type":"ListItem","position":2,"name":"PT2020","item":"https:\/\/automoldes.com\/fr\/pt2020\/"},{"@type":"ListItem","position":3,"name":"Internacionaliza\u00e7\u00e3o"}]},{"@type":"WebSite","@id":"https:\/\/automoldes.com\/#website","url":"https:\/\/automoldes.com\/","name":"Automoldes","description":"Ind\u00fastria de Moldes","potentialAction":[{"@type":"SearchAction","target":{"@type":"EntryPoint","urlTemplate":"https:\/\/automoldes.com\/?s={search_term_string}"},"query-input":"required name=search_term_string"}],"inLanguage":"fr-FR"}]}},"_links":{"self":[{"href":"https:\/\/automoldes.com\/fr\/wp-json\/wp\/v2\/pages\/4162\/"}],"collection":[{"href":"https:\/\/automoldes.com\/fr\/wp-json\/wp\/v2\/pages\/"}],"about":[{"href":"https:\/\/automoldes.com\/fr\/wp-json\/wp\/v2\/types\/page\/"}],"author":[{"embeddable":true,"href":"https:\/\/automoldes.com\/fr\/wp-json\/wp\/v2\/users\/3\/"}],"replies":[{"embeddable":true,"href":"https:\/\/automoldes.com\/fr\/wp-json\/wp\/v2\/comments\/?post=4162"}],"version-history":[{"count":0,"href":"https:\/\/automoldes.com\/fr\/wp-json\/wp\/v2\/pages\/4162\/revisions\/"}],"up":[{"embeddable":true,"href":"https:\/\/automoldes.com\/fr\/wp-json\/wp\/v2\/pages\/3644\/"}],"wp:attachment":[{"href":"https:\/\/automoldes.com\/fr\/wp-json\/wp\/v2\/media\/?parent=4162"}],"curies":[{"name":"wp","href":"https:\/\/api.w.org\/{rel}","templated":true}]}}