{"id":496,"date":"2013-11-25T17:27:27","date_gmt":"2013-11-25T17:27:27","guid":{"rendered":"https:\/\/www.automoldes.com\/?page_id=496"},"modified":"2021-02-01T11:52:14","modified_gmt":"2021-02-01T11:52:14","slug":"emploi","status":"publish","type":"page","link":"https:\/\/automoldes.com\/fr\/emploi\/","title":{"rendered":"Recruitment"},"content":{"rendered":"<div class=\"col span_6\">\n<h2 style=\"text-align: center;\">Recruitment<\/h2>\n<div class=\"divider-small-border\"><\/div>\n<p style=\"text-align: justify;\">AUTOMOLDES est en constante croissance et d\u00e9veloppement \u00e0 la fois technologique et scientifique.<\/p>\n<p style=\"text-align: justify;\">Cette croissance est toujours accompagn\u00e9e par une \u00e9volution en termes de ressources humaines tant par la formation des ressources existantes, ainsi que par le recrutement de nouveaux collaborateurs, assurant ainsi une \u00e9quipe avec une vaste exp\u00e9rience dans l&rsquo;industrie de moules.<\/p>\n<p style=\"text-align: justify;\">Nous vous remercions de votre int\u00e9r\u00eat pour notre entreprise, si vous voulez faire partie de cette \u00e9quipe, envoyer votre CV par le biais de la plate-forme suivante:<\/p>\n<\/div>\n<div class=\"col span_6 col_last\">\n<h2 style=\"text-align: center;\">Merci de nous adresser votre dossier de candidature<\/h2>\n<div class=\"divider-small-border\"><\/div>\n<div class=\"wpcf7 no-js\" id=\"wpcf7-f4296-o1\" lang=\"pt-PT\" dir=\"ltr\">\n<div class=\"screen-reader-response\"><p role=\"status\" aria-live=\"polite\" aria-atomic=\"true\"><\/p> <ul><\/ul><\/div>\n<form action=\"\/fr\/wp-json\/wp\/v2\/pages\/496\/#wpcf7-f4296-o1\" method=\"post\" class=\"wpcf7-form init\" aria-label=\"Formulaire de contact\" enctype=\"multipart\/form-data\" novalidate=\"novalidate\" data-status=\"init\">\n<div style=\"display: none;\">\n<input type=\"hidden\" name=\"_wpcf7\" value=\"4296\" \/>\n<input type=\"hidden\" name=\"_wpcf7_version\" value=\"5.7.7\" \/>\n<input type=\"hidden\" name=\"_wpcf7_locale\" value=\"pt_PT\" \/>\n<input type=\"hidden\" name=\"_wpcf7_unit_tag\" value=\"wpcf7-f4296-o1\" \/>\n<input type=\"hidden\" name=\"_wpcf7_container_post\" value=\"0\" \/>\n<input type=\"hidden\" name=\"_wpcf7_posted_data_hash\" value=\"\" \/>\n<input type=\"hidden\" name=\"_wpcf7_recaptcha_response\" value=\"\" \/>\n<\/div>\n<p><label> Votre nom (obligatoire)<br \/>\n<span class=\"wpcf7-form-control-wrap\" data-name=\"your-name\"><input size=\"40\" class=\"wpcf7-form-control wpcf7-text wpcf7-validates-as-required\" aria-required=\"true\" aria-invalid=\"false\" value=\"\" type=\"text\" name=\"your-name\" \/><\/span> <\/label>\n<\/p>\n<p><label> Votre email (obligatoire)<br \/>\n<span class=\"wpcf7-form-control-wrap\" data-name=\"your-email\"><input size=\"40\" class=\"wpcf7-form-control wpcf7-text wpcf7-email wpcf7-validates-as-required wpcf7-validates-as-email\" aria-required=\"true\" aria-invalid=\"false\" value=\"\" type=\"email\" name=\"your-email\" \/><\/span> <\/label>\n<\/p>\n<p><label> Votre contact t\u00e9l\u00e9phonique<br \/>\n<span class=\"wpcf7-form-control-wrap\" data-name=\"your-telephone\"><input size=\"40\" class=\"wpcf7-form-control wpcf7-text\" aria-invalid=\"false\" value=\"\" type=\"text\" name=\"your-telephone\" \/><\/span> <\/label>\n<\/p>\n<p><label> T\u00e9l\u00e9charger le CV au format .pdf ou .jpg<br \/>\n<span class=\"wpcf7-form-control-wrap\" data-name=\"Curriculo\"><input size=\"40\" class=\"wpcf7-form-control wpcf7-file\" accept=\".doc,.pdf,.jpg\" aria-invalid=\"false\" type=\"file\" name=\"Curriculo\" \/><\/span><\/label>\n<\/p>\n<p><input class=\"wpcf7-form-control has-spinner wpcf7-submit\" type=\"submit\" value=\"Soumettre\" \/>\n<\/p><div class=\"wpcf7-response-output\" aria-hidden=\"true\"><\/div>\n<\/form>\n<\/div>\n\n<\/div><div class=\"clear\"><\/div>\n<p>&nbsp;<\/p>\n<p>&nbsp;<\/p>\n","protected":false},"excerpt":{"rendered":"<p>&nbsp; &nbsp;<\/p>\n","protected":false},"author":2,"featured_media":0,"parent":0,"menu_order":0,"comment_status":"closed","ping_status":"closed","template":"","meta":[],"yoast_head":"<!-- This site is optimized with the Yoast SEO plugin v20.10 - https:\/\/yoast.com\/wordpress\/plugins\/seo\/ -->\n<title>Recruitment - Automoldes<\/title>\n<meta name=\"robots\" content=\"index, follow, max-snippet:-1, max-image-preview:large, max-video-preview:-1\" \/>\n<link rel=\"canonical\" href=\"https:\/\/automoldes.com\/fr\/emploi\/\" \/>\n<meta property=\"og:locale\" content=\"fr_FR\" \/>\n<meta property=\"og:type\" content=\"article\" \/>\n<meta property=\"og:title\" content=\"Recruitment - Automoldes\" \/>\n<meta property=\"og:description\" content=\"&nbsp; &nbsp;\" \/>\n<meta property=\"og:url\" content=\"https:\/\/automoldes.com\/fr\/emploi\/\" \/>\n<meta property=\"og:site_name\" content=\"Automoldes\" \/>\n<meta property=\"article:modified_time\" content=\"2021-02-01T11:52:14+00:00\" \/>\n<meta name=\"twitter:card\" content=\"summary_large_image\" \/>\n<meta name=\"twitter:label1\" content=\"Dur\u00e9e de lecture estim\u00e9e\" \/>\n\t<meta name=\"twitter:data1\" content=\"1 minute\" \/>\n<script type=\"application\/ld+json\" class=\"yoast-schema-graph\">{\"@context\":\"https:\/\/schema.org\",\"@graph\":[{\"@type\":\"WebPage\",\"@id\":\"https:\/\/automoldes.com\/fr\/emploi\/\",\"url\":\"https:\/\/automoldes.com\/fr\/emploi\/\",\"name\":\"Recruitment - Automoldes\",\"isPartOf\":{\"@id\":\"https:\/\/automoldes.com\/#website\"},\"datePublished\":\"2013-11-25T17:27:27+00:00\",\"dateModified\":\"2021-02-01T11:52:14+00:00\",\"breadcrumb\":{\"@id\":\"https:\/\/automoldes.com\/fr\/emploi\/#breadcrumb\"},\"inLanguage\":\"fr-FR\",\"potentialAction\":[{\"@type\":\"ReadAction\",\"target\":[\"https:\/\/automoldes.com\/fr\/emploi\/\"]}]},{\"@type\":\"BreadcrumbList\",\"@id\":\"https:\/\/automoldes.com\/fr\/emploi\/#breadcrumb\",\"itemListElement\":[{\"@type\":\"ListItem\",\"position\":1,\"name\":\"In\u00edcio\",\"item\":\"https:\/\/automoldes.com\/fr\/\"},{\"@type\":\"ListItem\",\"position\":2,\"name\":\"Recruitment\"}]},{\"@type\":\"WebSite\",\"@id\":\"https:\/\/automoldes.com\/#website\",\"url\":\"https:\/\/automoldes.com\/\",\"name\":\"Automoldes\",\"description\":\"Ind\u00fastria de Moldes\",\"potentialAction\":[{\"@type\":\"SearchAction\",\"target\":{\"@type\":\"EntryPoint\",\"urlTemplate\":\"https:\/\/automoldes.com\/?s={search_term_string}\"},\"query-input\":\"required name=search_term_string\"}],\"inLanguage\":\"fr-FR\"}]}<\/script>\n<!-- \/ Yoast SEO plugin. -->","yoast_head_json":{"title":"Recruitment - Automoldes","robots":{"index":"index","follow":"follow","max-snippet":"max-snippet:-1","max-image-preview":"max-image-preview:large","max-video-preview":"max-video-preview:-1"},"canonical":"https:\/\/automoldes.com\/fr\/emploi\/","og_locale":"fr_FR","og_type":"article","og_title":"Recruitment - Automoldes","og_description":"&nbsp; &nbsp;","og_url":"https:\/\/automoldes.com\/fr\/emploi\/","og_site_name":"Automoldes","article_modified_time":"2021-02-01T11:52:14+00:00","twitter_card":"summary_large_image","twitter_misc":{"Dur\u00e9e de lecture estim\u00e9e":"1 minute"},"schema":{"@context":"https:\/\/schema.org","@graph":[{"@type":"WebPage","@id":"https:\/\/automoldes.com\/fr\/emploi\/","url":"https:\/\/automoldes.com\/fr\/emploi\/","name":"Recruitment - Automoldes","isPartOf":{"@id":"https:\/\/automoldes.com\/#website"},"datePublished":"2013-11-25T17:27:27+00:00","dateModified":"2021-02-01T11:52:14+00:00","breadcrumb":{"@id":"https:\/\/automoldes.com\/fr\/emploi\/#breadcrumb"},"inLanguage":"fr-FR","potentialAction":[{"@type":"ReadAction","target":["https:\/\/automoldes.com\/fr\/emploi\/"]}]},{"@type":"BreadcrumbList","@id":"https:\/\/automoldes.com\/fr\/emploi\/#breadcrumb","itemListElement":[{"@type":"ListItem","position":1,"name":"In\u00edcio","item":"https:\/\/automoldes.com\/fr\/"},{"@type":"ListItem","position":2,"name":"Recruitment"}]},{"@type":"WebSite","@id":"https:\/\/automoldes.com\/#website","url":"https:\/\/automoldes.com\/","name":"Automoldes","description":"Ind\u00fastria de Moldes","potentialAction":[{"@type":"SearchAction","target":{"@type":"EntryPoint","urlTemplate":"https:\/\/automoldes.com\/?s={search_term_string}"},"query-input":"required name=search_term_string"}],"inLanguage":"fr-FR"}]}},"_links":{"self":[{"href":"https:\/\/automoldes.com\/fr\/wp-json\/wp\/v2\/pages\/496\/"}],"collection":[{"href":"https:\/\/automoldes.com\/fr\/wp-json\/wp\/v2\/pages\/"}],"about":[{"href":"https:\/\/automoldes.com\/fr\/wp-json\/wp\/v2\/types\/page\/"}],"author":[{"embeddable":true,"href":"https:\/\/automoldes.com\/fr\/wp-json\/wp\/v2\/users\/2\/"}],"replies":[{"embeddable":true,"href":"https:\/\/automoldes.com\/fr\/wp-json\/wp\/v2\/comments\/?post=496"}],"version-history":[{"count":0,"href":"https:\/\/automoldes.com\/fr\/wp-json\/wp\/v2\/pages\/496\/revisions\/"}],"wp:attachment":[{"href":"https:\/\/automoldes.com\/fr\/wp-json\/wp\/v2\/media\/?parent=496"}],"curies":[{"name":"wp","href":"https:\/\/api.w.org\/{rel}","templated":true}]}}