{"id":508,"date":"2013-11-25T17:40:31","date_gmt":"2013-11-25T17:40:31","guid":{"rendered":"https:\/\/www.automoldes.com\/?page_id=508"},"modified":"2016-11-14T16:20:07","modified_gmt":"2016-11-14T16:20:07","slug":"508-2","status":"publish","type":"page","link":"https:\/\/automoldes.com\/fr\/","title":{"rendered":"Bienvenue"},"content":{"rendered":"<p><iframe loading=\"lazy\" src=\"https:\/\/www.youtube.com\/embed\/7W4oA7FUcMA\" width=\"560\" height=\"315\" frameborder=\"0\" allowfullscreen=\"allowfullscreen\"><\/iframe><\/p>\n<div class=\"divider-small-border\"><\/div>\n<div class=\"col span_4\">\n<p style=\"text-align: center;\"><i class=\"icon-3x alt-style icon-adn accent-color\"><\/i>\n<h3 style=\"text-align: center;\">BIENVENUE<\/h3>\n<p style=\"text-align: justify;\"><span style=\"color: #888888;\">AUTOMOLDES est principalement d\u00e9di\u00e9 \u00e0 la fabrication de moules m\u00e9talliques, pour la production de pi\u00e8ces plastiques techniques moul\u00e9 par injection.<\/span><\/p>\n<\/div>\n<div class=\"col span_4\">\n<p style=\"text-align: center;\"><i class=\"icon-3x alt-style icon-home accent-color\"><\/i>\n<h3 style=\"text-align: center;\">IMPLANTATION<\/h3>\n<p style=\"text-align: justify;\"><span style=\"color: #888888;\">L&rsquo;entreprise est situ\u00e9e dans un entrep\u00f4t de 500 m<sup>2<\/sup>, situ\u00e9 dans la zone industrielle de Soeiro, S. Mamede do Coronado, Maia<\/span><\/p>\n<\/div>\n<div class=\"col span_4 col_last\">\n<p style=\"text-align: center;\"><i class=\"icon-3x alt-style icon-user accent-color\"><\/i>\n<h3 style=\"text-align: center;\">EMPLOI<\/h3>\n<p style=\"text-align: justify;\">AUTOMOLDES est en constante croissance et d\u00e9veloppement \u00e0 la fois technologique et scientifique.<\/p>\n<\/div><div class=\"clear\"><\/div>\n<div class=\"divider-small-border\"><\/div>\n","protected":false},"excerpt":{"rendered":"","protected":false},"author":2,"featured_media":0,"parent":0,"menu_order":0,"comment_status":"closed","ping_status":"closed","template":"template-home-3.php","meta":[],"yoast_head":"<!-- This site is optimized with the Yoast SEO plugin v20.10 - https:\/\/yoast.com\/wordpress\/plugins\/seo\/ -->\n<title>Bienvenue - Automoldes<\/title>\n<meta name=\"robots\" content=\"index, follow, max-snippet:-1, max-image-preview:large, max-video-preview:-1\" \/>\n<link rel=\"canonical\" href=\"https:\/\/automoldes.com\/fr\/\" \/>\n<meta property=\"og:locale\" content=\"fr_FR\" \/>\n<meta property=\"og:type\" content=\"article\" \/>\n<meta property=\"og:title\" content=\"Bienvenue - Automoldes\" \/>\n<meta property=\"og:url\" content=\"https:\/\/automoldes.com\/fr\/\" \/>\n<meta property=\"og:site_name\" content=\"Automoldes\" \/>\n<meta property=\"article:modified_time\" content=\"2016-11-14T16:20:07+00:00\" \/>\n<meta name=\"twitter:card\" content=\"summary_large_image\" \/>\n<meta name=\"twitter:label1\" content=\"Dur\u00e9e de lecture estim\u00e9e\" \/>\n\t<meta name=\"twitter:data1\" content=\"1 minute\" \/>\n<script type=\"application\/ld+json\" class=\"yoast-schema-graph\">{\"@context\":\"https:\/\/schema.org\",\"@graph\":[{\"@type\":\"WebPage\",\"@id\":\"https:\/\/automoldes.com\/fr\/\",\"url\":\"https:\/\/automoldes.com\/fr\/\",\"name\":\"Bienvenue - Automoldes\",\"isPartOf\":{\"@id\":\"https:\/\/automoldes.com\/#website\"},\"datePublished\":\"2013-11-25T17:40:31+00:00\",\"dateModified\":\"2016-11-14T16:20:07+00:00\",\"breadcrumb\":{\"@id\":\"https:\/\/automoldes.com\/fr\/#breadcrumb\"},\"inLanguage\":\"fr-FR\",\"potentialAction\":[{\"@type\":\"ReadAction\",\"target\":[\"https:\/\/automoldes.com\/fr\/\"]}]},{\"@type\":\"BreadcrumbList\",\"@id\":\"https:\/\/automoldes.com\/fr\/#breadcrumb\",\"itemListElement\":[{\"@type\":\"ListItem\",\"position\":1,\"name\":\"In\u00edcio\",\"item\":\"https:\/\/automoldes.com\/fr\/\"},{\"@type\":\"ListItem\",\"position\":2,\"name\":\"Bienvenue\"}]},{\"@type\":\"WebSite\",\"@id\":\"https:\/\/automoldes.com\/#website\",\"url\":\"https:\/\/automoldes.com\/\",\"name\":\"Automoldes\",\"description\":\"Ind\u00fastria de Moldes\",\"potentialAction\":[{\"@type\":\"SearchAction\",\"target\":{\"@type\":\"EntryPoint\",\"urlTemplate\":\"https:\/\/automoldes.com\/?s={search_term_string}\"},\"query-input\":\"required name=search_term_string\"}],\"inLanguage\":\"fr-FR\"}]}<\/script>\n<!-- \/ Yoast SEO plugin. -->","yoast_head_json":{"title":"Bienvenue - Automoldes","robots":{"index":"index","follow":"follow","max-snippet":"max-snippet:-1","max-image-preview":"max-image-preview:large","max-video-preview":"max-video-preview:-1"},"canonical":"https:\/\/automoldes.com\/fr\/","og_locale":"fr_FR","og_type":"article","og_title":"Bienvenue - Automoldes","og_url":"https:\/\/automoldes.com\/fr\/","og_site_name":"Automoldes","article_modified_time":"2016-11-14T16:20:07+00:00","twitter_card":"summary_large_image","twitter_misc":{"Dur\u00e9e de lecture estim\u00e9e":"1 minute"},"schema":{"@context":"https:\/\/schema.org","@graph":[{"@type":"WebPage","@id":"https:\/\/automoldes.com\/fr\/","url":"https:\/\/automoldes.com\/fr\/","name":"Bienvenue - Automoldes","isPartOf":{"@id":"https:\/\/automoldes.com\/#website"},"datePublished":"2013-11-25T17:40:31+00:00","dateModified":"2016-11-14T16:20:07+00:00","breadcrumb":{"@id":"https:\/\/automoldes.com\/fr\/#breadcrumb"},"inLanguage":"fr-FR","potentialAction":[{"@type":"ReadAction","target":["https:\/\/automoldes.com\/fr\/"]}]},{"@type":"BreadcrumbList","@id":"https:\/\/automoldes.com\/fr\/#breadcrumb","itemListElement":[{"@type":"ListItem","position":1,"name":"In\u00edcio","item":"https:\/\/automoldes.com\/fr\/"},{"@type":"ListItem","position":2,"name":"Bienvenue"}]},{"@type":"WebSite","@id":"https:\/\/automoldes.com\/#website","url":"https:\/\/automoldes.com\/","name":"Automoldes","description":"Ind\u00fastria de Moldes","potentialAction":[{"@type":"SearchAction","target":{"@type":"EntryPoint","urlTemplate":"https:\/\/automoldes.com\/?s={search_term_string}"},"query-input":"required name=search_term_string"}],"inLanguage":"fr-FR"}]}},"_links":{"self":[{"href":"https:\/\/automoldes.com\/fr\/wp-json\/wp\/v2\/pages\/508\/"}],"collection":[{"href":"https:\/\/automoldes.com\/fr\/wp-json\/wp\/v2\/pages\/"}],"about":[{"href":"https:\/\/automoldes.com\/fr\/wp-json\/wp\/v2\/types\/page\/"}],"author":[{"embeddable":true,"href":"https:\/\/automoldes.com\/fr\/wp-json\/wp\/v2\/users\/2\/"}],"replies":[{"embeddable":true,"href":"https:\/\/automoldes.com\/fr\/wp-json\/wp\/v2\/comments\/?post=508"}],"version-history":[{"count":0,"href":"https:\/\/automoldes.com\/fr\/wp-json\/wp\/v2\/pages\/508\/revisions\/"}],"wp:attachment":[{"href":"https:\/\/automoldes.com\/fr\/wp-json\/wp\/v2\/media\/?parent=508"}],"curies":[{"name":"wp","href":"https:\/\/api.w.org\/{rel}","templated":true}]}}