{"id":543,"date":"2013-11-25T18:07:52","date_gmt":"2013-11-25T18:07:52","guid":{"rendered":"https:\/\/www.automoldes.com\/?page_id=543"},"modified":"2018-01-26T13:21:09","modified_gmt":"2018-01-26T13:21:09","slug":"profil","status":"publish","type":"page","link":"https:\/\/automoldes.com\/fr\/profil\/","title":{"rendered":"Accueil"},"content":{"rendered":"<h2 style=\"text-align: center;\">AUTOMOLDES<\/h2>\n<div class=\"divider-small-border\"><\/div>\n<div class=\"col span_6\">\n<p><a href=\"https:\/\/www.automoldes.com\/wp-content\/uploads\/2016\/08\/64.jpg\" data-rel=\"lightbox-image-0\" data-rl_title=\"\" data-rl_caption=\"\" title=\"\"><img decoding=\"async\" loading=\"lazy\" class=\"wp-image-2253 size-full aligncenter\" src=\"https:\/\/www.automoldes.com\/wp-content\/uploads\/2016\/08\/64.jpg\" alt=\"64\" width=\"965\" height=\"580\" srcset=\"https:\/\/automoldes.com\/wp-content\/uploads\/2016\/08\/64.jpg 965w, https:\/\/automoldes.com\/wp-content\/uploads\/2016\/08\/64-300x180.jpg 300w, https:\/\/automoldes.com\/wp-content\/uploads\/2016\/08\/64-768x462.jpg 768w\" sizes=\"(max-width: 965px) 100vw, 965px\" \/><\/a><\/p>\n<\/div>\n<div class=\"col span_6 col_last\">\n<p style=\"text-align: justify;\">Fond\u00e9e le 1er Mars 2001, AUTOMOLDES est principalement d\u00e9di\u00e9 \u00e0 la fabrication de moules m\u00e9talliques, pour la production de pi\u00e8ces plastiques techniques moul\u00e9 par injection et de faire la manutention pendant leur cycle de production.<\/p>\n<p style=\"text-align: justify;\">L&rsquo;entreprise est situ\u00e9e dans un entrep\u00f4t de 500 m2, situ\u00e9 dans la zone industrielle de Soeiro, S. Mamede do Coronado, Maia.<\/p>\n<p style=\"text-align: justify;\">AUTOMOLDES comprend actuellement une \u00e9quipe avec une vaste exp\u00e9rience, dans l&rsquo;industrie de moule et propose \u00e0 ses clients une s\u00e9rie de services qui r\u00e9pond aux besoins de ses clients.<\/p>\n<p style=\"text-align: justify;\">Conscient du fait que le march\u00e9 de l&rsquo;entreprises est tr\u00e8s exigeante, il est n\u00e9cessaire produire des moules de plus en plus complexe et fiable, en moins de temps et plus \u00e9conomique. Compte tenu de cette r\u00e9alit\u00e9, AUTOMOLDES est en innovation constante dans les technologies et les conditions fonctionnelles, assurant la qualit\u00e9 et la capacit\u00e9 de r\u00e9pondre aux d\u00e9fis actuels.<\/p>\n<\/div><div class=\"clear\"><\/div>\n<h3 style=\"text-align: center;\">Historique<\/h3>\n<div class=\"divider-small-border\"><\/div>\n<div class=\"col span_6\">\n<p style=\"text-align: justify;\"><span style=\"color: #888888;\">AUTOMOLDES depuis le d\u00e9but sur le march\u00e9 des moules, a travers\u00e9 plusieurs phases, soulignant: la phase initiale dans laquelle a \u00e9t\u00e9 fond\u00e9e et a entr\u00e9 dans le march\u00e9, \u00e0 cette \u00e9tape, l&rsquo;entreprise a fait une recherche constante sur le march\u00e9 et essay\u00e9 de se mettre en place dans domaine. Cette phase a dur\u00e9 environ 5 ans.<\/span><\/p>\n<p style=\"text-align: justify;\"><span style=\"color: #888888;\">Une deuxi\u00e8me phase, dans laquelle il y avait une augmentation des ressources et certaines technologies afin d&rsquo;\u00eatre capable de r\u00e9pondre aux exigences du march\u00e9.<\/span><\/p>\n<p style=\"text-align: justify;\"><span style=\"color: #888888;\">Et une troisi\u00e8me \u00e9tape, la actuel, o\u00f9 la compagnie a d\u00e9j\u00e0 une exp\u00e9rience dans le domaine et veulent ex\u00e9cuter un plan d&rsquo;investissement et se requalifier \u00e0 tous les niveaux, et passe d\u2019une situation de relative normalit\u00e9 \u00e0 une situation dans laquelle est \u00e9quip\u00e9 avec des machines et mat\u00e9riel plus perfectionn\u00e9 et moderne afin d&rsquo;exceller en tant que fournisseur de moules et entrer dans les march\u00e9s internationaux, d&rsquo;accro\u00eetre leur comp\u00e9titivit\u00e9 nationale et internationale.<\/span><\/p>\n<\/div>\n<div class=\"col span_6 col_last\">\n<p><a href=\"https:\/\/automoldes.com\/wp-content\/uploads\/2018\/01\/FR-1.png\" data-rel=\"lightbox-image-1\" data-rl_title=\"\" data-rl_caption=\"\" title=\"\"><img decoding=\"async\" loading=\"lazy\" class=\"aligncenter wp-image-3627 size-full\" src=\"https:\/\/automoldes.com\/wp-content\/uploads\/2018\/01\/FR-1.png\" alt=\"\" width=\"1721\" height=\"915\" srcset=\"https:\/\/automoldes.com\/wp-content\/uploads\/2018\/01\/FR-1.png 1721w, https:\/\/automoldes.com\/wp-content\/uploads\/2018\/01\/FR-1-300x160.png 300w, https:\/\/automoldes.com\/wp-content\/uploads\/2018\/01\/FR-1-768x408.png 768w, https:\/\/automoldes.com\/wp-content\/uploads\/2018\/01\/FR-1-1024x544.png 1024w\" sizes=\"(max-width: 1721px) 100vw, 1721px\" \/><\/a><\/p>\n<p style=\"text-align: justify;\"><\/div><div class=\"clear\"><\/div>\n<p>&nbsp;<\/p>\n","protected":false},"excerpt":{"rendered":"<p>AUTOMOLDES Historique &nbsp;<\/p>\n","protected":false},"author":2,"featured_media":0,"parent":0,"menu_order":0,"comment_status":"closed","ping_status":"closed","template":"","meta":[],"yoast_head":"<!-- This site is optimized with the Yoast SEO plugin v20.10 - https:\/\/yoast.com\/wordpress\/plugins\/seo\/ -->\n<title>Accueil - Automoldes<\/title>\n<meta name=\"robots\" content=\"index, follow, max-snippet:-1, max-image-preview:large, max-video-preview:-1\" \/>\n<link rel=\"canonical\" href=\"https:\/\/automoldes.com\/fr\/profil\/\" \/>\n<meta property=\"og:locale\" content=\"fr_FR\" \/>\n<meta property=\"og:type\" content=\"article\" \/>\n<meta property=\"og:title\" content=\"Accueil - Automoldes\" \/>\n<meta property=\"og:description\" content=\"AUTOMOLDES Historique &nbsp;\" \/>\n<meta property=\"og:url\" content=\"https:\/\/automoldes.com\/fr\/profil\/\" \/>\n<meta property=\"og:site_name\" content=\"Automoldes\" \/>\n<meta property=\"article:modified_time\" content=\"2018-01-26T13:21:09+00:00\" \/>\n<meta property=\"og:image\" content=\"https:\/\/www.automoldes.com\/wp-content\/uploads\/2016\/08\/64.jpg\" \/>\n<meta name=\"twitter:card\" content=\"summary_large_image\" \/>\n<meta name=\"twitter:label1\" content=\"Dur\u00e9e de lecture estim\u00e9e\" \/>\n\t<meta name=\"twitter:data1\" content=\"2 minutes\" \/>\n<script type=\"application\/ld+json\" class=\"yoast-schema-graph\">{\"@context\":\"https:\/\/schema.org\",\"@graph\":[{\"@type\":\"WebPage\",\"@id\":\"https:\/\/automoldes.com\/fr\/profil\/\",\"url\":\"https:\/\/automoldes.com\/fr\/profil\/\",\"name\":\"Accueil - Automoldes\",\"isPartOf\":{\"@id\":\"https:\/\/automoldes.com\/#website\"},\"datePublished\":\"2013-11-25T18:07:52+00:00\",\"dateModified\":\"2018-01-26T13:21:09+00:00\",\"breadcrumb\":{\"@id\":\"https:\/\/automoldes.com\/fr\/profil\/#breadcrumb\"},\"inLanguage\":\"fr-FR\",\"potentialAction\":[{\"@type\":\"ReadAction\",\"target\":[\"https:\/\/automoldes.com\/fr\/profil\/\"]}]},{\"@type\":\"BreadcrumbList\",\"@id\":\"https:\/\/automoldes.com\/fr\/profil\/#breadcrumb\",\"itemListElement\":[{\"@type\":\"ListItem\",\"position\":1,\"name\":\"In\u00edcio\",\"item\":\"https:\/\/automoldes.com\/fr\/\"},{\"@type\":\"ListItem\",\"position\":2,\"name\":\"Accueil\"}]},{\"@type\":\"WebSite\",\"@id\":\"https:\/\/automoldes.com\/#website\",\"url\":\"https:\/\/automoldes.com\/\",\"name\":\"Automoldes\",\"description\":\"Ind\u00fastria de Moldes\",\"potentialAction\":[{\"@type\":\"SearchAction\",\"target\":{\"@type\":\"EntryPoint\",\"urlTemplate\":\"https:\/\/automoldes.com\/?s={search_term_string}\"},\"query-input\":\"required name=search_term_string\"}],\"inLanguage\":\"fr-FR\"}]}<\/script>\n<!-- \/ Yoast SEO plugin. -->","yoast_head_json":{"title":"Accueil - Automoldes","robots":{"index":"index","follow":"follow","max-snippet":"max-snippet:-1","max-image-preview":"max-image-preview:large","max-video-preview":"max-video-preview:-1"},"canonical":"https:\/\/automoldes.com\/fr\/profil\/","og_locale":"fr_FR","og_type":"article","og_title":"Accueil - Automoldes","og_description":"AUTOMOLDES Historique &nbsp;","og_url":"https:\/\/automoldes.com\/fr\/profil\/","og_site_name":"Automoldes","article_modified_time":"2018-01-26T13:21:09+00:00","og_image":[{"url":"https:\/\/www.automoldes.com\/wp-content\/uploads\/2016\/08\/64.jpg"}],"twitter_card":"summary_large_image","twitter_misc":{"Dur\u00e9e de lecture estim\u00e9e":"2 minutes"},"schema":{"@context":"https:\/\/schema.org","@graph":[{"@type":"WebPage","@id":"https:\/\/automoldes.com\/fr\/profil\/","url":"https:\/\/automoldes.com\/fr\/profil\/","name":"Accueil - Automoldes","isPartOf":{"@id":"https:\/\/automoldes.com\/#website"},"datePublished":"2013-11-25T18:07:52+00:00","dateModified":"2018-01-26T13:21:09+00:00","breadcrumb":{"@id":"https:\/\/automoldes.com\/fr\/profil\/#breadcrumb"},"inLanguage":"fr-FR","potentialAction":[{"@type":"ReadAction","target":["https:\/\/automoldes.com\/fr\/profil\/"]}]},{"@type":"BreadcrumbList","@id":"https:\/\/automoldes.com\/fr\/profil\/#breadcrumb","itemListElement":[{"@type":"ListItem","position":1,"name":"In\u00edcio","item":"https:\/\/automoldes.com\/fr\/"},{"@type":"ListItem","position":2,"name":"Accueil"}]},{"@type":"WebSite","@id":"https:\/\/automoldes.com\/#website","url":"https:\/\/automoldes.com\/","name":"Automoldes","description":"Ind\u00fastria de Moldes","potentialAction":[{"@type":"SearchAction","target":{"@type":"EntryPoint","urlTemplate":"https:\/\/automoldes.com\/?s={search_term_string}"},"query-input":"required name=search_term_string"}],"inLanguage":"fr-FR"}]}},"_links":{"self":[{"href":"https:\/\/automoldes.com\/fr\/wp-json\/wp\/v2\/pages\/543\/"}],"collection":[{"href":"https:\/\/automoldes.com\/fr\/wp-json\/wp\/v2\/pages\/"}],"about":[{"href":"https:\/\/automoldes.com\/fr\/wp-json\/wp\/v2\/types\/page\/"}],"author":[{"embeddable":true,"href":"https:\/\/automoldes.com\/fr\/wp-json\/wp\/v2\/users\/2\/"}],"replies":[{"embeddable":true,"href":"https:\/\/automoldes.com\/fr\/wp-json\/wp\/v2\/comments\/?post=543"}],"version-history":[{"count":0,"href":"https:\/\/automoldes.com\/fr\/wp-json\/wp\/v2\/pages\/543\/revisions\/"}],"wp:attachment":[{"href":"https:\/\/automoldes.com\/fr\/wp-json\/wp\/v2\/media\/?parent=543"}],"curies":[{"name":"wp","href":"https:\/\/api.w.org\/{rel}","templated":true}]}}