{"id":681,"date":"2013-11-26T14:18:12","date_gmt":"2013-11-26T14:18:12","guid":{"rendered":"https:\/\/www.automoldes.com\/?page_id=681"},"modified":"2013-11-26T14:18:27","modified_gmt":"2013-11-26T14:18:27","slug":"analyse-dimensionnelle-et-corrections","status":"publish","type":"page","link":"https:\/\/automoldes.com\/fr\/notre-metiere\/analyse-dimensionnelle-et-corrections\/","title":{"rendered":"ANALYSE DIMENSIONNELLE ET CORRECTIONS"},"content":{"rendered":"<h3>Analyse\u00a0dimensionnelle et corrections<\/h3>\n<div class=\"divider-border\"><\/div>\n<p>Apr\u00e8s test\u00e9 le moule, sont effectu\u00e9s analyses et \u00e9tudes dimensionnelles sur les \u00e9chantillons et leurs zones empreintes. Avec les r\u00e9sultats de l\u2019analyse dimensionnelle, sont d\u00e9finies les corrections n\u00e9cessaires \u00e0 \u00eatre appliqu\u00e9 pour r\u00e9pondre aux exigences.<\/p>\n<div class=\"divider-small-border\"><\/div>\n<div style=\"height: 450px\" data-fullscreen=\"false\" data-autorotate=\"\" data-parallax=\"false\" data-full-width=\"false\" class=\"nectar-slider-wrap \" id=\"ns-id-69f3839993fb6\">\n\t\t<div style=\"height: 450px\" class=\"swiper-container\" data-loop=\"false\" data-height=\"450\" data-arrows=\"true\" data-bullets=\"true\" data-desktop-swipe=\"false\">\n\t\t\t    <div class=\"swiper-wrapper\"><div class=\"swiper-slide\" style=\"background-image: url(https:\/\/www.automoldes.com\/wp-content\/uploads\/2014\/03\/IMG_2486.jpg);\" data-bg-alignment=\"center\" data-color-scheme=\"light\" data-x-pos=\"left\" data-y-pos=\"middle\"> \n\t\t\t\t\n\t\t\t\t\t\t\t<div class=\"container\">\n\t\t\t\t\t\t\t\t<div class=\"content\"><\/div>\n\t\t\t\t\t\t\t<\/div><!--\/container--><\/div><!--\/swiper-slide--><div class=\"swiper-slide\" style=\"background-image: url(https:\/\/www.automoldes.com\/wp-content\/uploads\/2016\/05\/75.png);\" data-bg-alignment=\"center\" data-color-scheme=\"light\" data-x-pos=\"left\" data-y-pos=\"middle\"> \n\t\t\t\t\n\t\t\t\t\t\t\t<div class=\"container\">\n\t\t\t\t\t\t\t\t<div class=\"content\"><\/div>\n\t\t\t\t\t\t\t<\/div><!--\/container--><\/div><!--\/swiper-slide--><div class=\"swiper-slide\" style=\"background-image: url(https:\/\/www.automoldes.com\/wp-content\/uploads\/2014\/03\/IMG_2476.jpg);\" data-bg-alignment=\"center\" data-color-scheme=\"light\" data-x-pos=\"left\" data-y-pos=\"middle\"> \n\t\t\t\t\n\t\t\t\t\t\t\t<div class=\"container\">\n\t\t\t\t\t\t\t\t<div class=\"content\"><\/div>\n\t\t\t\t\t\t\t<\/div><!--\/container--><\/div><!--\/swiper-slide--><div class=\"swiper-slide\" style=\"background-image: url(https:\/\/www.automoldes.com\/wp-content\/uploads\/2016\/05\/74.png);\" data-bg-alignment=\"center\" data-color-scheme=\"light\" data-x-pos=\"left\" data-y-pos=\"middle\"> \n\t\t\t\t\n\t\t\t\t\t\t\t<div class=\"container\">\n\t\t\t\t\t\t\t\t<div class=\"content\"><\/div>\n\t\t\t\t\t\t\t<\/div><!--\/container--><\/div><!--\/swiper-slide--><div class=\"swiper-slide\" style=\"background-image: url(https:\/\/www.automoldes.com\/wp-content\/uploads\/2016\/05\/72.jpg);\" data-bg-alignment=\"center\" data-color-scheme=\"light\" data-x-pos=\"left\" data-y-pos=\"middle\"> \n\t\t\t\t\n\t\t\t\t\t\t\t<div class=\"container\">\n\t\t\t\t\t\t\t\t<div class=\"content\"><\/div>\n\t\t\t\t\t\t\t<\/div><!--\/container--><\/div><!--\/swiper-slide--><\/div><a href=\"\" class=\"slider-prev\"><i class=\"icon-salient-left-arrow\"><\/i> <div class=\"slide-count\"> <span class=\"slide-current\">1<\/span> <i class=\"icon-salient-right-line\"><\/i> <span class=\"slide-total\"><\/span> <\/div> <\/a>\n\t\t\t     \t\t<a href=\"\" class=\"slider-next\"><i class=\"icon-salient-right-arrow\"><\/i> <div class=\"slide-count\"> <span class=\"slide-current\">1<\/span> <i class=\"icon-salient-right-line\"><\/i> <span class=\"slide-total\"><\/span> <\/div> <\/a><div class=\"slider-pagination\"><\/div><div class=\"nectar-slider-loading\"><\/div> <\/div>\n\t\t\t\n\t\t<\/div>\n","protected":false},"excerpt":{"rendered":"<p>Analyse\u00a0dimensionnelle et corrections Apr\u00e8s test\u00e9 le moule, sont effectu\u00e9s analyses et \u00e9tudes dimensionnelles sur les \u00e9chantillons et leurs zones empreintes. Avec les r\u00e9sultats de l\u2019analyse dimensionnelle, sont d\u00e9finies les corrections&#8230;<\/p>\n","protected":false},"author":2,"featured_media":0,"parent":553,"menu_order":0,"comment_status":"closed","ping_status":"closed","template":"","meta":[],"yoast_head":"<!-- This site is optimized with the Yoast SEO plugin v20.10 - https:\/\/yoast.com\/wordpress\/plugins\/seo\/ -->\n<title>ANALYSE DIMENSIONNELLE ET CORRECTIONS - Automoldes<\/title>\n<meta name=\"robots\" content=\"index, follow, max-snippet:-1, max-image-preview:large, max-video-preview:-1\" \/>\n<link rel=\"canonical\" href=\"https:\/\/automoldes.com\/fr\/notre-metiere\/analyse-dimensionnelle-et-corrections\/\" \/>\n<meta property=\"og:locale\" content=\"fr_FR\" \/>\n<meta property=\"og:type\" content=\"article\" \/>\n<meta property=\"og:title\" content=\"ANALYSE DIMENSIONNELLE ET CORRECTIONS - Automoldes\" \/>\n<meta property=\"og:description\" content=\"Analyse\u00a0dimensionnelle et corrections Apr\u00e8s test\u00e9 le moule, sont effectu\u00e9s analyses et \u00e9tudes dimensionnelles sur les \u00e9chantillons et leurs zones empreintes. Avec les r\u00e9sultats de l\u2019analyse dimensionnelle, sont d\u00e9finies les corrections...\" \/>\n<meta property=\"og:url\" content=\"https:\/\/automoldes.com\/fr\/notre-metiere\/analyse-dimensionnelle-et-corrections\/\" \/>\n<meta property=\"og:site_name\" content=\"Automoldes\" \/>\n<meta property=\"article:modified_time\" content=\"2013-11-26T14:18:27+00:00\" \/>\n<meta name=\"twitter:card\" content=\"summary_large_image\" \/>\n<script type=\"application\/ld+json\" class=\"yoast-schema-graph\">{\"@context\":\"https:\/\/schema.org\",\"@graph\":[{\"@type\":\"WebPage\",\"@id\":\"https:\/\/automoldes.com\/fr\/notre-metiere\/analyse-dimensionnelle-et-corrections\/\",\"url\":\"https:\/\/automoldes.com\/fr\/notre-metiere\/analyse-dimensionnelle-et-corrections\/\",\"name\":\"ANALYSE DIMENSIONNELLE ET CORRECTIONS - Automoldes\",\"isPartOf\":{\"@id\":\"https:\/\/automoldes.com\/#website\"},\"datePublished\":\"2013-11-26T14:18:12+00:00\",\"dateModified\":\"2013-11-26T14:18:27+00:00\",\"breadcrumb\":{\"@id\":\"https:\/\/automoldes.com\/fr\/notre-metiere\/analyse-dimensionnelle-et-corrections\/#breadcrumb\"},\"inLanguage\":\"fr-FR\",\"potentialAction\":[{\"@type\":\"ReadAction\",\"target\":[\"https:\/\/automoldes.com\/fr\/notre-metiere\/analyse-dimensionnelle-et-corrections\/\"]}]},{\"@type\":\"BreadcrumbList\",\"@id\":\"https:\/\/automoldes.com\/fr\/notre-metiere\/analyse-dimensionnelle-et-corrections\/#breadcrumb\",\"itemListElement\":[{\"@type\":\"ListItem\",\"position\":1,\"name\":\"In\u00edcio\",\"item\":\"https:\/\/automoldes.com\/fr\/\"},{\"@type\":\"ListItem\",\"position\":2,\"name\":\"Notre m\u00e9tiere\",\"item\":\"https:\/\/automoldes.com\/fr\/notre-metiere\/\"},{\"@type\":\"ListItem\",\"position\":3,\"name\":\"ANALYSE DIMENSIONNELLE ET CORRECTIONS\"}]},{\"@type\":\"WebSite\",\"@id\":\"https:\/\/automoldes.com\/#website\",\"url\":\"https:\/\/automoldes.com\/\",\"name\":\"Automoldes\",\"description\":\"Ind\u00fastria de Moldes\",\"potentialAction\":[{\"@type\":\"SearchAction\",\"target\":{\"@type\":\"EntryPoint\",\"urlTemplate\":\"https:\/\/automoldes.com\/?s={search_term_string}\"},\"query-input\":\"required name=search_term_string\"}],\"inLanguage\":\"fr-FR\"}]}<\/script>\n<!-- \/ Yoast SEO plugin. -->","yoast_head_json":{"title":"ANALYSE DIMENSIONNELLE ET CORRECTIONS - Automoldes","robots":{"index":"index","follow":"follow","max-snippet":"max-snippet:-1","max-image-preview":"max-image-preview:large","max-video-preview":"max-video-preview:-1"},"canonical":"https:\/\/automoldes.com\/fr\/notre-metiere\/analyse-dimensionnelle-et-corrections\/","og_locale":"fr_FR","og_type":"article","og_title":"ANALYSE DIMENSIONNELLE ET CORRECTIONS - Automoldes","og_description":"Analyse\u00a0dimensionnelle et corrections Apr\u00e8s test\u00e9 le moule, sont effectu\u00e9s analyses et \u00e9tudes dimensionnelles sur les \u00e9chantillons et leurs zones empreintes. Avec les r\u00e9sultats de l\u2019analyse dimensionnelle, sont d\u00e9finies les corrections...","og_url":"https:\/\/automoldes.com\/fr\/notre-metiere\/analyse-dimensionnelle-et-corrections\/","og_site_name":"Automoldes","article_modified_time":"2013-11-26T14:18:27+00:00","twitter_card":"summary_large_image","schema":{"@context":"https:\/\/schema.org","@graph":[{"@type":"WebPage","@id":"https:\/\/automoldes.com\/fr\/notre-metiere\/analyse-dimensionnelle-et-corrections\/","url":"https:\/\/automoldes.com\/fr\/notre-metiere\/analyse-dimensionnelle-et-corrections\/","name":"ANALYSE DIMENSIONNELLE ET CORRECTIONS - Automoldes","isPartOf":{"@id":"https:\/\/automoldes.com\/#website"},"datePublished":"2013-11-26T14:18:12+00:00","dateModified":"2013-11-26T14:18:27+00:00","breadcrumb":{"@id":"https:\/\/automoldes.com\/fr\/notre-metiere\/analyse-dimensionnelle-et-corrections\/#breadcrumb"},"inLanguage":"fr-FR","potentialAction":[{"@type":"ReadAction","target":["https:\/\/automoldes.com\/fr\/notre-metiere\/analyse-dimensionnelle-et-corrections\/"]}]},{"@type":"BreadcrumbList","@id":"https:\/\/automoldes.com\/fr\/notre-metiere\/analyse-dimensionnelle-et-corrections\/#breadcrumb","itemListElement":[{"@type":"ListItem","position":1,"name":"In\u00edcio","item":"https:\/\/automoldes.com\/fr\/"},{"@type":"ListItem","position":2,"name":"Notre m\u00e9tiere","item":"https:\/\/automoldes.com\/fr\/notre-metiere\/"},{"@type":"ListItem","position":3,"name":"ANALYSE DIMENSIONNELLE ET CORRECTIONS"}]},{"@type":"WebSite","@id":"https:\/\/automoldes.com\/#website","url":"https:\/\/automoldes.com\/","name":"Automoldes","description":"Ind\u00fastria de Moldes","potentialAction":[{"@type":"SearchAction","target":{"@type":"EntryPoint","urlTemplate":"https:\/\/automoldes.com\/?s={search_term_string}"},"query-input":"required name=search_term_string"}],"inLanguage":"fr-FR"}]}},"_links":{"self":[{"href":"https:\/\/automoldes.com\/fr\/wp-json\/wp\/v2\/pages\/681\/"}],"collection":[{"href":"https:\/\/automoldes.com\/fr\/wp-json\/wp\/v2\/pages\/"}],"about":[{"href":"https:\/\/automoldes.com\/fr\/wp-json\/wp\/v2\/types\/page\/"}],"author":[{"embeddable":true,"href":"https:\/\/automoldes.com\/fr\/wp-json\/wp\/v2\/users\/2\/"}],"replies":[{"embeddable":true,"href":"https:\/\/automoldes.com\/fr\/wp-json\/wp\/v2\/comments\/?post=681"}],"version-history":[{"count":0,"href":"https:\/\/automoldes.com\/fr\/wp-json\/wp\/v2\/pages\/681\/revisions\/"}],"up":[{"embeddable":true,"href":"https:\/\/automoldes.com\/fr\/wp-json\/wp\/v2\/pages\/553\/"}],"wp:attachment":[{"href":"https:\/\/automoldes.com\/fr\/wp-json\/wp\/v2\/media\/?parent=681"}],"curies":[{"name":"wp","href":"https:\/\/api.w.org\/{rel}","templated":true}]}}