{"id":725,"date":"2013-11-26T15:51:32","date_gmt":"2013-11-26T15:51:32","guid":{"rendered":"https:\/\/www.automoldes.com\/?page_id=725"},"modified":"2013-12-13T10:11:25","modified_gmt":"2013-12-13T10:11:25","slug":"maquination-cnc-finition","status":"publish","type":"page","link":"https:\/\/automoldes.com\/fr\/notre-metiere\/maquination-cnc-finition\/","title":{"rendered":"MAQUINATION CNC \/ FINITION"},"content":{"rendered":"<h3>Maquination CNC \/ Finition<\/h3>\n<div class=\"divider-border\"><\/div>\n<p style=\"text-align: justify;\">AUTOMOLDES est \u00e9quip\u00e9 avec des Machines \u00e0 commande num\u00e9rique, en utilisant comme le logiciel de CAD le PowerSHAPE et de CAM le PowerMILL, ici sont fabriqu\u00e9s et usin\u00e9s les zones empreintes de moules, les structures, des \u00e9lectrodes pour utiliser ult\u00e9rieurement au cours d&rsquo;\u00e9lectro\u00e9rosion et d&rsquo;autres composants. Ce service est soutenu par un rectificateur et des fraiseuses manuels.<\/p>\n<p style=\"text-align: justify;\">Cette section, a comme devise, de respecter et remplir la complexit\u00e9 des d\u00e9tails.<\/p>\n<div class=\"divider-small-border\"><\/div>\n<div style=\"height: 450px\" data-fullscreen=\"false\" data-autorotate=\"\" data-parallax=\"false\" data-full-width=\"false\" class=\"nectar-slider-wrap \" id=\"ns-id-69f394940dba8\">\n\t\t<div style=\"height: 450px\" class=\"swiper-container\" data-loop=\"false\" data-height=\"450\" data-arrows=\"true\" data-bullets=\"true\" data-desktop-swipe=\"false\">\n\t\t\t    <div class=\"swiper-wrapper\"><div class=\"swiper-slide\" style=\"background-image: url(https:\/\/www.automoldes.com\/wp-content\/uploads\/2016\/06\/36.jpg);\" data-bg-alignment=\"center\" data-color-scheme=\"light\" data-x-pos=\"left\" data-y-pos=\"middle\"> \n\t\t\t\t\n\t\t\t\t\t\t\t<div class=\"container\">\n\t\t\t\t\t\t\t\t<div class=\"content\"><\/div>\n\t\t\t\t\t\t\t<\/div><!--\/container--><\/div><!--\/swiper-slide--><div class=\"swiper-slide\" style=\"background-image: url(https:\/\/www.automoldes.com\/wp-content\/uploads\/2016\/06\/35.jpg);\" data-bg-alignment=\"center\" data-color-scheme=\"light\" data-x-pos=\"left\" data-y-pos=\"middle\"> \n\t\t\t\t\n\t\t\t\t\t\t\t<div class=\"container\">\n\t\t\t\t\t\t\t\t<div class=\"content\"><\/div>\n\t\t\t\t\t\t\t<\/div><!--\/container--><\/div><!--\/swiper-slide--><div class=\"swiper-slide\" style=\"background-image: url(https:\/\/www.automoldes.com\/wp-content\/uploads\/2016\/06\/34.jpg);\" data-bg-alignment=\"center\" data-color-scheme=\"light\" data-x-pos=\"left\" data-y-pos=\"middle\"> \n\t\t\t\t\n\t\t\t\t\t\t\t<div class=\"container\">\n\t\t\t\t\t\t\t\t<div class=\"content\"><\/div>\n\t\t\t\t\t\t\t<\/div><!--\/container--><\/div><!--\/swiper-slide--><div class=\"swiper-slide\" style=\"background-image: url(https:\/\/www.automoldes.com\/wp-content\/uploads\/2016\/06\/33.jpg);\" data-bg-alignment=\"center\" data-color-scheme=\"light\" data-x-pos=\"left\" data-y-pos=\"middle\"> \n\t\t\t\t\n\t\t\t\t\t\t\t<div class=\"container\">\n\t\t\t\t\t\t\t\t<div class=\"content\"><\/div>\n\t\t\t\t\t\t\t<\/div><!--\/container--><\/div><!--\/swiper-slide--><div class=\"swiper-slide\" style=\"background-image: url(https:\/\/www.automoldes.com\/wp-content\/uploads\/2016\/06\/32.jpg);\" data-bg-alignment=\"center\" data-color-scheme=\"light\" data-x-pos=\"left\" data-y-pos=\"middle\"> \n\t\t\t\t\n\t\t\t\t\t\t\t<div class=\"container\">\n\t\t\t\t\t\t\t\t<div class=\"content\"><\/div>\n\t\t\t\t\t\t\t<\/div><!--\/container--><\/div><!--\/swiper-slide--><div class=\"swiper-slide\" style=\"background-image: url(https:\/\/www.automoldes.com\/wp-content\/uploads\/2016\/06\/26.jpg);\" data-bg-alignment=\"center\" data-color-scheme=\"light\" data-x-pos=\"left\" data-y-pos=\"middle\"> \n\t\t\t\t\n\t\t\t\t\t\t\t<div class=\"container\">\n\t\t\t\t\t\t\t\t<div class=\"content\"><\/div>\n\t\t\t\t\t\t\t<\/div><!--\/container--><\/div><!--\/swiper-slide--><div class=\"swiper-slide\" style=\"background-image: url(https:\/\/www.automoldes.com\/wp-content\/uploads\/2016\/06\/29.jpg);\" data-bg-alignment=\"center\" data-color-scheme=\"light\" data-x-pos=\"left\" data-y-pos=\"middle\"> \n\t\t\t\t\n\t\t\t\t\t\t\t<div class=\"container\">\n\t\t\t\t\t\t\t\t<div class=\"content\"><\/div>\n\t\t\t\t\t\t\t<\/div><!--\/container--><\/div><!--\/swiper-slide--><\/div><a href=\"\" class=\"slider-prev\"><i class=\"icon-salient-left-arrow\"><\/i> <div class=\"slide-count\"> <span class=\"slide-current\">1<\/span> <i class=\"icon-salient-right-line\"><\/i> <span class=\"slide-total\"><\/span> <\/div> <\/a>\n\t\t\t     \t\t<a href=\"\" class=\"slider-next\"><i class=\"icon-salient-right-arrow\"><\/i> <div class=\"slide-count\"> <span class=\"slide-current\">1<\/span> <i class=\"icon-salient-right-line\"><\/i> <span class=\"slide-total\"><\/span> <\/div> <\/a><div class=\"slider-pagination\"><\/div><div class=\"nectar-slider-loading\"><\/div> <\/div>\n\t\t\t\n\t\t<\/div>\n","protected":false},"excerpt":{"rendered":"<p>Maquination CNC \/ Finition AUTOMOLDES est \u00e9quip\u00e9 avec des Machines \u00e0 commande num\u00e9rique, en utilisant comme le logiciel de CAD le PowerSHAPE et de CAM le PowerMILL, ici sont fabriqu\u00e9s&#8230;<\/p>\n","protected":false},"author":2,"featured_media":0,"parent":553,"menu_order":0,"comment_status":"open","ping_status":"closed","template":"","meta":[],"yoast_head":"<!-- This site is optimized with the Yoast SEO plugin v20.10 - https:\/\/yoast.com\/wordpress\/plugins\/seo\/ -->\n<title>MAQUINATION CNC \/ FINITION - Automoldes<\/title>\n<meta name=\"robots\" content=\"index, follow, max-snippet:-1, max-image-preview:large, max-video-preview:-1\" \/>\n<link rel=\"canonical\" href=\"https:\/\/automoldes.com\/fr\/notre-metiere\/maquination-cnc-finition\/\" \/>\n<meta property=\"og:locale\" content=\"fr_FR\" \/>\n<meta property=\"og:type\" content=\"article\" \/>\n<meta property=\"og:title\" content=\"MAQUINATION CNC \/ FINITION - Automoldes\" \/>\n<meta property=\"og:description\" content=\"Maquination CNC \/ Finition AUTOMOLDES est \u00e9quip\u00e9 avec des Machines \u00e0 commande num\u00e9rique, en utilisant comme le logiciel de CAD le PowerSHAPE et de CAM le PowerMILL, ici sont fabriqu\u00e9s...\" \/>\n<meta property=\"og:url\" content=\"https:\/\/automoldes.com\/fr\/notre-metiere\/maquination-cnc-finition\/\" \/>\n<meta property=\"og:site_name\" content=\"Automoldes\" \/>\n<meta property=\"article:modified_time\" content=\"2013-12-13T10:11:25+00:00\" \/>\n<meta name=\"twitter:card\" content=\"summary_large_image\" \/>\n<meta name=\"twitter:label1\" content=\"Dur\u00e9e de lecture estim\u00e9e\" \/>\n\t<meta name=\"twitter:data1\" content=\"1 minute\" \/>\n<script type=\"application\/ld+json\" class=\"yoast-schema-graph\">{\"@context\":\"https:\/\/schema.org\",\"@graph\":[{\"@type\":\"WebPage\",\"@id\":\"https:\/\/automoldes.com\/fr\/notre-metiere\/maquination-cnc-finition\/\",\"url\":\"https:\/\/automoldes.com\/fr\/notre-metiere\/maquination-cnc-finition\/\",\"name\":\"MAQUINATION CNC \/ FINITION - Automoldes\",\"isPartOf\":{\"@id\":\"https:\/\/automoldes.com\/#website\"},\"datePublished\":\"2013-11-26T15:51:32+00:00\",\"dateModified\":\"2013-12-13T10:11:25+00:00\",\"breadcrumb\":{\"@id\":\"https:\/\/automoldes.com\/fr\/notre-metiere\/maquination-cnc-finition\/#breadcrumb\"},\"inLanguage\":\"fr-FR\",\"potentialAction\":[{\"@type\":\"ReadAction\",\"target\":[\"https:\/\/automoldes.com\/fr\/notre-metiere\/maquination-cnc-finition\/\"]}]},{\"@type\":\"BreadcrumbList\",\"@id\":\"https:\/\/automoldes.com\/fr\/notre-metiere\/maquination-cnc-finition\/#breadcrumb\",\"itemListElement\":[{\"@type\":\"ListItem\",\"position\":1,\"name\":\"In\u00edcio\",\"item\":\"https:\/\/automoldes.com\/fr\/\"},{\"@type\":\"ListItem\",\"position\":2,\"name\":\"Notre m\u00e9tiere\",\"item\":\"https:\/\/automoldes.com\/fr\/notre-metiere\/\"},{\"@type\":\"ListItem\",\"position\":3,\"name\":\"MAQUINATION CNC \/ FINITION\"}]},{\"@type\":\"WebSite\",\"@id\":\"https:\/\/automoldes.com\/#website\",\"url\":\"https:\/\/automoldes.com\/\",\"name\":\"Automoldes\",\"description\":\"Ind\u00fastria de Moldes\",\"potentialAction\":[{\"@type\":\"SearchAction\",\"target\":{\"@type\":\"EntryPoint\",\"urlTemplate\":\"https:\/\/automoldes.com\/?s={search_term_string}\"},\"query-input\":\"required name=search_term_string\"}],\"inLanguage\":\"fr-FR\"}]}<\/script>\n<!-- \/ Yoast SEO plugin. -->","yoast_head_json":{"title":"MAQUINATION CNC \/ FINITION - Automoldes","robots":{"index":"index","follow":"follow","max-snippet":"max-snippet:-1","max-image-preview":"max-image-preview:large","max-video-preview":"max-video-preview:-1"},"canonical":"https:\/\/automoldes.com\/fr\/notre-metiere\/maquination-cnc-finition\/","og_locale":"fr_FR","og_type":"article","og_title":"MAQUINATION CNC \/ FINITION - Automoldes","og_description":"Maquination CNC \/ Finition AUTOMOLDES est \u00e9quip\u00e9 avec des Machines \u00e0 commande num\u00e9rique, en utilisant comme le logiciel de CAD le PowerSHAPE et de CAM le PowerMILL, ici sont fabriqu\u00e9s...","og_url":"https:\/\/automoldes.com\/fr\/notre-metiere\/maquination-cnc-finition\/","og_site_name":"Automoldes","article_modified_time":"2013-12-13T10:11:25+00:00","twitter_card":"summary_large_image","twitter_misc":{"Dur\u00e9e de lecture estim\u00e9e":"1 minute"},"schema":{"@context":"https:\/\/schema.org","@graph":[{"@type":"WebPage","@id":"https:\/\/automoldes.com\/fr\/notre-metiere\/maquination-cnc-finition\/","url":"https:\/\/automoldes.com\/fr\/notre-metiere\/maquination-cnc-finition\/","name":"MAQUINATION CNC \/ FINITION - Automoldes","isPartOf":{"@id":"https:\/\/automoldes.com\/#website"},"datePublished":"2013-11-26T15:51:32+00:00","dateModified":"2013-12-13T10:11:25+00:00","breadcrumb":{"@id":"https:\/\/automoldes.com\/fr\/notre-metiere\/maquination-cnc-finition\/#breadcrumb"},"inLanguage":"fr-FR","potentialAction":[{"@type":"ReadAction","target":["https:\/\/automoldes.com\/fr\/notre-metiere\/maquination-cnc-finition\/"]}]},{"@type":"BreadcrumbList","@id":"https:\/\/automoldes.com\/fr\/notre-metiere\/maquination-cnc-finition\/#breadcrumb","itemListElement":[{"@type":"ListItem","position":1,"name":"In\u00edcio","item":"https:\/\/automoldes.com\/fr\/"},{"@type":"ListItem","position":2,"name":"Notre m\u00e9tiere","item":"https:\/\/automoldes.com\/fr\/notre-metiere\/"},{"@type":"ListItem","position":3,"name":"MAQUINATION CNC \/ FINITION"}]},{"@type":"WebSite","@id":"https:\/\/automoldes.com\/#website","url":"https:\/\/automoldes.com\/","name":"Automoldes","description":"Ind\u00fastria de Moldes","potentialAction":[{"@type":"SearchAction","target":{"@type":"EntryPoint","urlTemplate":"https:\/\/automoldes.com\/?s={search_term_string}"},"query-input":"required name=search_term_string"}],"inLanguage":"fr-FR"}]}},"_links":{"self":[{"href":"https:\/\/automoldes.com\/fr\/wp-json\/wp\/v2\/pages\/725\/"}],"collection":[{"href":"https:\/\/automoldes.com\/fr\/wp-json\/wp\/v2\/pages\/"}],"about":[{"href":"https:\/\/automoldes.com\/fr\/wp-json\/wp\/v2\/types\/page\/"}],"author":[{"embeddable":true,"href":"https:\/\/automoldes.com\/fr\/wp-json\/wp\/v2\/users\/2\/"}],"replies":[{"embeddable":true,"href":"https:\/\/automoldes.com\/fr\/wp-json\/wp\/v2\/comments\/?post=725"}],"version-history":[{"count":0,"href":"https:\/\/automoldes.com\/fr\/wp-json\/wp\/v2\/pages\/725\/revisions\/"}],"up":[{"embeddable":true,"href":"https:\/\/automoldes.com\/fr\/wp-json\/wp\/v2\/pages\/553\/"}],"wp:attachment":[{"href":"https:\/\/automoldes.com\/fr\/wp-json\/wp\/v2\/media\/?parent=725"}],"curies":[{"name":"wp","href":"https:\/\/api.w.org\/{rel}","templated":true}]}}