{"id":933,"date":"2013-11-29T13:01:22","date_gmt":"2013-11-29T13:01:22","guid":{"rendered":"https:\/\/www.automoldes.com\/?page_id=933"},"modified":"2013-12-02T12:11:53","modified_gmt":"2013-12-02T12:11:53","slug":"department-dingenierie-2","status":"publish","type":"page","link":"https:\/\/automoldes.com\/fr\/notre-metiere\/department-dingenierie-2\/","title":{"rendered":"D\u00e9partment d\u2019ing\u00e9nierie"},"content":{"rendered":"<h3 style=\"text-align: left;\">D\u00e9partment d\u2019ing\u00e9nierie<\/h3>\n<div class=\"divider-border\"><\/div>\n<p>Dans ce d\u00e9partement, les projets sont suivis depuis sa budg\u00e9tisation jusqu\u2019au fin.<\/p>\n<p>Nous sommes \u00e9quip\u00e9s avec des professionnels qualifi\u00e9s pour d\u00e9velopper les projets et faire \u00e9tudes de faisabilit\u00e9 ainsi que pour r\u00e9soudre les probl\u00e8mes et les difficult\u00e9s de leur mise en \u0153uvre.<\/p>\n<p>Ce service interagit directement avec le client dans tout le proc\u00e9d\u00e9 de fabrication, ce qui se traduit par une plus grande satisfaction des clients.<\/p>\n<div style=\"height: 450px\" data-fullscreen=\"false\" data-autorotate=\"\" data-parallax=\"false\" data-full-width=\"false\" class=\"nectar-slider-wrap \" id=\"ns-id-69f383aae6eb8\">\n\t\t<div style=\"height: 450px\" class=\"swiper-container\" data-loop=\"false\" data-height=\"450\" data-arrows=\"true\" data-bullets=\"true\" data-desktop-swipe=\"false\">\n\t\t\t    <div class=\"swiper-wrapper\"><div class=\"swiper-slide\" style=\"background-image: url(https:\/\/www.automoldes.com\/wp-content\/uploads\/2016\/06\/49.jpg);\" data-bg-alignment=\"center\" data-color-scheme=\"light\" data-x-pos=\"left\" data-y-pos=\"middle\"> \n\t\t\t\t\n\t\t\t\t\t\t\t<div class=\"container\">\n\t\t\t\t\t\t\t\t<div class=\"content\"><\/div>\n\t\t\t\t\t\t\t<\/div><!--\/container--><\/div><!--\/swiper-slide--><div class=\"swiper-slide\" style=\"background-image: url(https:\/\/www.automoldes.com\/wp-content\/uploads\/2016\/05\/46-1.png);\" data-bg-alignment=\"center\" data-color-scheme=\"light\" data-x-pos=\"left\" data-y-pos=\"middle\"> \n\t\t\t\t\n\t\t\t\t\t\t\t<div class=\"container\">\n\t\t\t\t\t\t\t\t<div class=\"content\"><\/div>\n\t\t\t\t\t\t\t<\/div><!--\/container--><\/div><!--\/swiper-slide--><div class=\"swiper-slide\" style=\"background-image: url(https:\/\/www.automoldes.com\/wp-content\/uploads\/2016\/06\/44.jpg);\" data-bg-alignment=\"center\" data-color-scheme=\"light\" data-x-pos=\"left\" data-y-pos=\"middle\"> \n\t\t\t\t\n\t\t\t\t\t\t\t<div class=\"container\">\n\t\t\t\t\t\t\t\t<div class=\"content\"><\/div>\n\t\t\t\t\t\t\t<\/div><!--\/container--><\/div><!--\/swiper-slide--><div class=\"swiper-slide\" style=\"background-image: url(https:\/\/www.automoldes.com\/wp-content\/uploads\/2016\/06\/45.jpg);\" data-bg-alignment=\"center\" data-color-scheme=\"light\" data-x-pos=\"left\" data-y-pos=\"middle\"> \n\t\t\t\t\n\t\t\t\t\t\t\t<div class=\"container\">\n\t\t\t\t\t\t\t\t<div class=\"content\"><\/div>\n\t\t\t\t\t\t\t<\/div><!--\/container--><\/div><!--\/swiper-slide--><div class=\"swiper-slide\" style=\"background-image: url(https:\/\/www.automoldes.com\/wp-content\/uploads\/2016\/06\/47.jpg);\" data-bg-alignment=\"center\" data-color-scheme=\"light\" data-x-pos=\"left\" data-y-pos=\"middle\"> \n\t\t\t\t\n\t\t\t\t\t\t\t<div class=\"container\">\n\t\t\t\t\t\t\t\t<div class=\"content\"><\/div>\n\t\t\t\t\t\t\t<\/div><!--\/container--><\/div><!--\/swiper-slide--><div class=\"swiper-slide\" style=\"background-image: url(https:\/\/www.automoldes.com\/wp-content\/uploads\/2016\/06\/50.jpg);\" data-bg-alignment=\"center\" data-color-scheme=\"light\" data-x-pos=\"left\" data-y-pos=\"middle\"> \n\t\t\t\t\n\t\t\t\t\t\t\t<div class=\"container\">\n\t\t\t\t\t\t\t\t<div class=\"content\"><\/div>\n\t\t\t\t\t\t\t<\/div><!--\/container--><\/div><!--\/swiper-slide--><\/div><a href=\"\" class=\"slider-prev\"><i class=\"icon-salient-left-arrow\"><\/i> <div class=\"slide-count\"> <span class=\"slide-current\">1<\/span> <i class=\"icon-salient-right-line\"><\/i> <span class=\"slide-total\"><\/span> <\/div> <\/a>\n\t\t\t     \t\t<a href=\"\" class=\"slider-next\"><i class=\"icon-salient-right-arrow\"><\/i> <div class=\"slide-count\"> <span class=\"slide-current\">1<\/span> <i class=\"icon-salient-right-line\"><\/i> <span class=\"slide-total\"><\/span> <\/div> <\/a><div class=\"slider-pagination\"><\/div><div class=\"nectar-slider-loading\"><\/div> <\/div>\n\t\t\t\n\t\t<\/div>\n","protected":false},"excerpt":{"rendered":"<p>D\u00e9partment d\u2019ing\u00e9nierie Dans ce d\u00e9partement, les projets sont suivis depuis sa budg\u00e9tisation jusqu\u2019au fin. Nous sommes \u00e9quip\u00e9s avec des professionnels qualifi\u00e9s pour d\u00e9velopper les projets et faire \u00e9tudes de faisabilit\u00e9&#8230;<\/p>\n","protected":false},"author":3,"featured_media":0,"parent":553,"menu_order":0,"comment_status":"closed","ping_status":"closed","template":"","meta":[],"yoast_head":"<!-- This site is optimized with the Yoast SEO plugin v20.10 - https:\/\/yoast.com\/wordpress\/plugins\/seo\/ -->\n<title>D\u00e9partment d\u2019ing\u00e9nierie - Automoldes<\/title>\n<meta name=\"robots\" content=\"index, follow, max-snippet:-1, max-image-preview:large, max-video-preview:-1\" \/>\n<link rel=\"canonical\" href=\"https:\/\/automoldes.com\/fr\/notre-metiere\/department-dingenierie-2\/\" \/>\n<meta property=\"og:locale\" content=\"fr_FR\" \/>\n<meta property=\"og:type\" content=\"article\" \/>\n<meta property=\"og:title\" content=\"D\u00e9partment d\u2019ing\u00e9nierie - Automoldes\" \/>\n<meta property=\"og:description\" content=\"D\u00e9partment d\u2019ing\u00e9nierie Dans ce d\u00e9partement, les projets sont suivis depuis sa budg\u00e9tisation jusqu\u2019au fin. Nous sommes \u00e9quip\u00e9s avec des professionnels qualifi\u00e9s pour d\u00e9velopper les projets et faire \u00e9tudes de faisabilit\u00e9...\" \/>\n<meta property=\"og:url\" content=\"https:\/\/automoldes.com\/fr\/notre-metiere\/department-dingenierie-2\/\" \/>\n<meta property=\"og:site_name\" content=\"Automoldes\" \/>\n<meta property=\"article:modified_time\" content=\"2013-12-02T12:11:53+00:00\" \/>\n<meta name=\"twitter:card\" content=\"summary_large_image\" \/>\n<meta name=\"twitter:label1\" content=\"Dur\u00e9e de lecture estim\u00e9e\" \/>\n\t<meta name=\"twitter:data1\" content=\"1 minute\" \/>\n<script type=\"application\/ld+json\" class=\"yoast-schema-graph\">{\"@context\":\"https:\/\/schema.org\",\"@graph\":[{\"@type\":\"WebPage\",\"@id\":\"https:\/\/automoldes.com\/fr\/notre-metiere\/department-dingenierie-2\/\",\"url\":\"https:\/\/automoldes.com\/fr\/notre-metiere\/department-dingenierie-2\/\",\"name\":\"D\u00e9partment d\u2019ing\u00e9nierie - Automoldes\",\"isPartOf\":{\"@id\":\"https:\/\/automoldes.com\/#website\"},\"datePublished\":\"2013-11-29T13:01:22+00:00\",\"dateModified\":\"2013-12-02T12:11:53+00:00\",\"breadcrumb\":{\"@id\":\"https:\/\/automoldes.com\/fr\/notre-metiere\/department-dingenierie-2\/#breadcrumb\"},\"inLanguage\":\"fr-FR\",\"potentialAction\":[{\"@type\":\"ReadAction\",\"target\":[\"https:\/\/automoldes.com\/fr\/notre-metiere\/department-dingenierie-2\/\"]}]},{\"@type\":\"BreadcrumbList\",\"@id\":\"https:\/\/automoldes.com\/fr\/notre-metiere\/department-dingenierie-2\/#breadcrumb\",\"itemListElement\":[{\"@type\":\"ListItem\",\"position\":1,\"name\":\"In\u00edcio\",\"item\":\"https:\/\/automoldes.com\/fr\/\"},{\"@type\":\"ListItem\",\"position\":2,\"name\":\"Notre m\u00e9tiere\",\"item\":\"https:\/\/automoldes.com\/fr\/notre-metiere\/\"},{\"@type\":\"ListItem\",\"position\":3,\"name\":\"D\u00e9partment d\u2019ing\u00e9nierie\"}]},{\"@type\":\"WebSite\",\"@id\":\"https:\/\/automoldes.com\/#website\",\"url\":\"https:\/\/automoldes.com\/\",\"name\":\"Automoldes\",\"description\":\"Ind\u00fastria de Moldes\",\"potentialAction\":[{\"@type\":\"SearchAction\",\"target\":{\"@type\":\"EntryPoint\",\"urlTemplate\":\"https:\/\/automoldes.com\/?s={search_term_string}\"},\"query-input\":\"required name=search_term_string\"}],\"inLanguage\":\"fr-FR\"}]}<\/script>\n<!-- \/ Yoast SEO plugin. -->","yoast_head_json":{"title":"D\u00e9partment d\u2019ing\u00e9nierie - Automoldes","robots":{"index":"index","follow":"follow","max-snippet":"max-snippet:-1","max-image-preview":"max-image-preview:large","max-video-preview":"max-video-preview:-1"},"canonical":"https:\/\/automoldes.com\/fr\/notre-metiere\/department-dingenierie-2\/","og_locale":"fr_FR","og_type":"article","og_title":"D\u00e9partment d\u2019ing\u00e9nierie - Automoldes","og_description":"D\u00e9partment d\u2019ing\u00e9nierie Dans ce d\u00e9partement, les projets sont suivis depuis sa budg\u00e9tisation jusqu\u2019au fin. Nous sommes \u00e9quip\u00e9s avec des professionnels qualifi\u00e9s pour d\u00e9velopper les projets et faire \u00e9tudes de faisabilit\u00e9...","og_url":"https:\/\/automoldes.com\/fr\/notre-metiere\/department-dingenierie-2\/","og_site_name":"Automoldes","article_modified_time":"2013-12-02T12:11:53+00:00","twitter_card":"summary_large_image","twitter_misc":{"Dur\u00e9e de lecture estim\u00e9e":"1 minute"},"schema":{"@context":"https:\/\/schema.org","@graph":[{"@type":"WebPage","@id":"https:\/\/automoldes.com\/fr\/notre-metiere\/department-dingenierie-2\/","url":"https:\/\/automoldes.com\/fr\/notre-metiere\/department-dingenierie-2\/","name":"D\u00e9partment d\u2019ing\u00e9nierie - Automoldes","isPartOf":{"@id":"https:\/\/automoldes.com\/#website"},"datePublished":"2013-11-29T13:01:22+00:00","dateModified":"2013-12-02T12:11:53+00:00","breadcrumb":{"@id":"https:\/\/automoldes.com\/fr\/notre-metiere\/department-dingenierie-2\/#breadcrumb"},"inLanguage":"fr-FR","potentialAction":[{"@type":"ReadAction","target":["https:\/\/automoldes.com\/fr\/notre-metiere\/department-dingenierie-2\/"]}]},{"@type":"BreadcrumbList","@id":"https:\/\/automoldes.com\/fr\/notre-metiere\/department-dingenierie-2\/#breadcrumb","itemListElement":[{"@type":"ListItem","position":1,"name":"In\u00edcio","item":"https:\/\/automoldes.com\/fr\/"},{"@type":"ListItem","position":2,"name":"Notre m\u00e9tiere","item":"https:\/\/automoldes.com\/fr\/notre-metiere\/"},{"@type":"ListItem","position":3,"name":"D\u00e9partment d\u2019ing\u00e9nierie"}]},{"@type":"WebSite","@id":"https:\/\/automoldes.com\/#website","url":"https:\/\/automoldes.com\/","name":"Automoldes","description":"Ind\u00fastria de Moldes","potentialAction":[{"@type":"SearchAction","target":{"@type":"EntryPoint","urlTemplate":"https:\/\/automoldes.com\/?s={search_term_string}"},"query-input":"required name=search_term_string"}],"inLanguage":"fr-FR"}]}},"_links":{"self":[{"href":"https:\/\/automoldes.com\/fr\/wp-json\/wp\/v2\/pages\/933\/"}],"collection":[{"href":"https:\/\/automoldes.com\/fr\/wp-json\/wp\/v2\/pages\/"}],"about":[{"href":"https:\/\/automoldes.com\/fr\/wp-json\/wp\/v2\/types\/page\/"}],"author":[{"embeddable":true,"href":"https:\/\/automoldes.com\/fr\/wp-json\/wp\/v2\/users\/3\/"}],"replies":[{"embeddable":true,"href":"https:\/\/automoldes.com\/fr\/wp-json\/wp\/v2\/comments\/?post=933"}],"version-history":[{"count":0,"href":"https:\/\/automoldes.com\/fr\/wp-json\/wp\/v2\/pages\/933\/revisions\/"}],"up":[{"embeddable":true,"href":"https:\/\/automoldes.com\/fr\/wp-json\/wp\/v2\/pages\/553\/"}],"wp:attachment":[{"href":"https:\/\/automoldes.com\/fr\/wp-json\/wp\/v2\/media\/?parent=933"}],"curies":[{"name":"wp","href":"https:\/\/api.w.org\/{rel}","templated":true}]}}